{"id":17,"date":"2016-02-12T08:09:36","date_gmt":"2016-02-12T07:09:36","guid":{"rendered":"http:\/\/demos.famethemes.com\/onepress-oneify\/?page_id=17"},"modified":"2023-10-18T14:28:00","modified_gmt":"2023-10-18T12:28:00","slug":"our-history","status":"publish","type":"page","link":"https:\/\/enduro-premium.com\/xinix\/index.php\/about\/our-history\/","title":{"rendered":"Histoire"},"content":{"rendered":"\n<div class=\"wp-block-cover has-parallax has-x-large-font-size\" style=\"min-height:350px;aspect-ratio:unset;\"><span aria-hidden=\"true\" class=\"wp-block-cover__background has-black-background-color has-background-dim-20 has-background-dim\"><\/span><div role=\"img\" class=\"wp-block-cover__image-background wp-image-1363 has-parallax\" style=\"background-position:50% 50%;background-image:url(http:\/\/enduro-premium.com\/xinix\/wp-content\/uploads\/2023\/10\/headers-histoire-2-scaled.jpg)\"><\/div><div class=\"wp-block-cover__inner-container is-layout-constrained wp-block-cover-is-layout-constrained\">\n<p class=\"has-text-align-center has-white-color has-text-color has-x-large-font-size\"><strong>HISTOIRE<\/strong><\/p>\n<\/div><\/div>\n\n\n\n<div style=\"height:50px\" aria-hidden=\"true\" class=\"wp-block-spacer\"><\/div>\n\n\n\n<div class=\"wp-block-columns is-layout-flex wp-container-core-columns-is-layout-9d6595d7 wp-block-columns-is-layout-flex\">\n<div class=\"wp-block-column is-layout-flow wp-block-column-is-layout-flow\" style=\"flex-basis:25%\"><\/div>\n\n\n\n<div class=\"wp-block-column is-layout-flow wp-block-column-is-layout-flow\" style=\"flex-basis:50%\">\n<p class=\"has-black-color has-text-color\"><strong>1992 | Comment \u00e7a a commenc\u00e9<\/strong><\/p>\n\n\n\n<p>L&rsquo;entreprise XiniX AB a \u00e9t\u00e9 cr\u00e9\u00e9e par le p\u00e8re de l&rsquo;actuel PDG Peter Homberg, G\u00f6ran Holmberg, il y a pr\u00e8s de 30&nbsp;ans.<\/p>\n\n\n\n<p>G\u00f6ran a travaill\u00e9 \u00e0 l&rsquo;international et a vu le besoin d&rsquo;une simple d\u00e9sinfection de l&rsquo;eau \u00e0 emporter avec lui lorsqu&rsquo;il voyageait \u00e0 travers le monde. . En collaboration avec un innovateur, il a d\u00e9velopp\u00e9 AquaCare, bas\u00e9 sur un dioxyde de chlore stabilis\u00e9 auto-d\u00e9velopp\u00e9.<\/p>\n\n\n\n<p>Les 10 premi\u00e8res ann\u00e9es ont \u00e9t\u00e9 consacr\u00e9es au d\u00e9veloppement de produits et \u00e0 leur utilisation personnelle.<\/p>\n\n\n\n<p class=\"has-black-color has-text-color\"> <strong>2000 | Collaborations avec, entre autres, MSB &amp; UN<\/strong><\/p>\n\n\n\n<p>Au d\u00e9but des ann\u00e9es 2000, de nombreuses demandes provenaient d&rsquo;organisations humanitaires&nbsp;; catastrophes survenues ont conduit \u00e0 une \u00e9troite collaboration avec a MSB et organisations des Nations Unies.<\/p>\n\n\n\n<p>Peter Holmberg, notre PDG actuel, a rejoint l&rsquo;entreprise au fur et \u00e0 mesure de son expansion. <\/p>\n\n\n\n<p class=\"has-black-color has-text-color\"><strong>2004-2010 | Secours aux sinistr\u00e9s<\/strong><\/p>\n\n\n\n<p>XINIX a \u00e9t\u00e9 livr\u00e9 au tsunami en Tha\u00eflande, au tremblement de terre en Ha\u00efti, au tremblement de terre au Pakistan et au Myanmar\/Birmanie par l&rsquo;interm\u00e9diaire de l&rsquo;ONU apr\u00e8s une rencontre entre G\u00f6ran Holmberg et Jan Eliasson \u00e0 New York en 2006. <\/p>\n\n\n\n<p class=\"has-black-color has-text-color\"><strong>2015 | 95% du march\u00e9 de l&rsquo;aviation<\/strong><\/p>\n\n\n\n<p>L&rsquo;industrie a\u00e9ronautique des pays nordiques est pass\u00e9e \u00e0 nos produits en 2015 et nous d\u00e9tenons d\u00e9sormais 95&nbsp;% du march\u00e9. <\/p>\n\n\n\n<p class=\"has-black-color has-text-color\"><strong>2010-2019 | Des tests et plus d&#8217;employ\u00e9s<\/strong><\/p>\n\n\n\n<p>Une version \u00e0 deux composants a \u00e9t\u00e9 d\u00e9velopp\u00e9e. \u00c0 la fin des ann\u00e9es 2000, des tests ont \u00e9t\u00e9 effectu\u00e9s \u00e0 l&rsquo;h\u00f4pital universitaire d&rsquo;\u00d6rebro concernant les bact\u00e9ries sporul\u00e9es. Les tests se sont tr\u00e8s bien pass\u00e9s et XINIX a obtenu la premi\u00e8re norme EN. Puis 5 autres normes EN, preuves et preuves de l&rsquo;efficacit\u00e9 des produits.<\/p>\n\n\n\n<p>Anders Gripenberg et le chimiste Robert Heinrich ont \u00e9t\u00e9 embauch\u00e9s. Le d\u00e9veloppement de la d\u00e9sinfection des mains et d&rsquo;autres produits a \u00e9t\u00e9 d\u00e9velopp\u00e9 \u00e0 diverses fins, par exemple la d\u00e9sinfection des surfaces.<\/p>\n\n\n\n<p>L&rsquo;entreprise a d\u00e9m\u00e9nag\u00e9 dans la zone industrielle d&rsquo;Arninge, \u00e0 l&rsquo;ext\u00e9rieur de Stockholm, o\u00f9 nous nous trouvons aujourd&rsquo;hui. <\/p>\n\n\n\n<p class=\"has-black-color has-text-color\"><strong>2021 | Nouveau capital et rebranding<\/strong><\/p>\n\n\n\n<p>Financement sous la forme de nouveaux actionnaires en plusieurs tours de table, dont le dernier date de juillet 2022&nbsp;: Manfred Gottschlich et Alexandra N\u00e9meth sont arriv\u00e9s avec \u00e0 la fois un capital, une grande exp\u00e9rience et des connaissances.<\/p>\n\n\n\n<p>La refonte graphique totale a commenc\u00e9 \u00e0 la fois de la structure du produit, de l&#8217;emballage, des supports marketing et du Web.<\/p>\n<\/div>\n\n\n\n<div class=\"wp-block-column is-layout-flow wp-block-column-is-layout-flow\" style=\"flex-basis:25%\"><\/div>\n<\/div>\n","protected":false},"excerpt":{"rendered":"<p>1992 | Comment \u00e7a a commenc\u00e9 L&rsquo;entreprise XiniX AB a \u00e9t\u00e9 cr\u00e9\u00e9e par le p\u00e8re de l&rsquo;actuel PDG Peter Homberg, G\u00f6ran Holmberg, il y a pr\u00e8s de 30&nbsp;ans. G\u00f6ran a &#8230;<\/p>\n","protected":false},"author":2,"featured_media":1363,"parent":1313,"menu_order":1,"comment_status":"closed","ping_status":"closed","template":"template-fullwidth-stretched.php","meta":{"footnotes":""},"class_list":["post-17","page","type-page","status-publish","has-post-thumbnail","hentry"],"_links":{"self":[{"href":"https:\/\/enduro-premium.com\/xinix\/index.php\/wp-json\/wp\/v2\/pages\/17","targetHints":{"allow":["GET"]}}],"collection":[{"href":"https:\/\/enduro-premium.com\/xinix\/index.php\/wp-json\/wp\/v2\/pages"}],"about":[{"href":"https:\/\/enduro-premium.com\/xinix\/index.php\/wp-json\/wp\/v2\/types\/page"}],"author":[{"embeddable":true,"href":"https:\/\/enduro-premium.com\/xinix\/index.php\/wp-json\/wp\/v2\/users\/2"}],"replies":[{"embeddable":true,"href":"https:\/\/enduro-premium.com\/xinix\/index.php\/wp-json\/wp\/v2\/comments?post=17"}],"version-history":[{"count":33,"href":"https:\/\/enduro-premium.com\/xinix\/index.php\/wp-json\/wp\/v2\/pages\/17\/revisions"}],"predecessor-version":[{"id":1480,"href":"https:\/\/enduro-premium.com\/xinix\/index.php\/wp-json\/wp\/v2\/pages\/17\/revisions\/1480"}],"up":[{"embeddable":true,"href":"https:\/\/enduro-premium.com\/xinix\/index.php\/wp-json\/wp\/v2\/pages\/1313"}],"wp:featuredmedia":[{"embeddable":true,"href":"https:\/\/enduro-premium.com\/xinix\/index.php\/wp-json\/wp\/v2\/media\/1363"}],"wp:attachment":[{"href":"https:\/\/enduro-premium.com\/xinix\/index.php\/wp-json\/wp\/v2\/media?parent=17"}],"curies":[{"name":"wp","href":"https:\/\/api.w.org\/{rel}","templated":true}]}}