{"id":1614,"date":"2023-11-16T17:02:18","date_gmt":"2023-11-16T16:02:18","guid":{"rendered":"http:\/\/enduro-premium.com\/xinix\/?page_id=1614"},"modified":"2023-11-16T18:49:03","modified_gmt":"2023-11-16T17:49:03","slug":"mentions-legales","status":"publish","type":"page","link":"https:\/\/enduro-premium.com\/xinix\/index.php\/mentions-legales\/","title":{"rendered":"Mentions l\u00e9gales"},"content":{"rendered":"\n<div class=\"wp-block-cover is-light has-parallax has-x-large-font-size\" style=\"min-height:350px;aspect-ratio:unset;\"><span aria-hidden=\"true\" class=\"wp-block-cover__background has-black-background-color has-background-dim-20 has-background-dim\"><\/span><div role=\"img\" class=\"wp-block-cover__image-background wp-image-1616 has-parallax\" style=\"background-position:50% 50%;background-image:url(http:\/\/enduro-premium.com\/xinix\/wp-content\/uploads\/2023\/11\/headers_mentionslegales.jpg)\"><\/div><div class=\"wp-block-cover__inner-container is-layout-constrained wp-block-cover-is-layout-constrained\">\n<p class=\"has-text-align-center has-white-color has-text-color has-x-large-font-size\"><strong>MENTIONS L\u00c9GALES<\/strong><\/p>\n<\/div><\/div>\n\n\n\n<div style=\"height:50px\" aria-hidden=\"true\" class=\"wp-block-spacer\"><\/div>\n\n\n\n<div class=\"wp-block-columns is-layout-flex wp-container-core-columns-is-layout-9d6595d7 wp-block-columns-is-layout-flex\">\n<div class=\"wp-block-column is-layout-flow wp-block-column-is-layout-flow\" style=\"flex-basis:25%\"><\/div>\n\n\n\n<div class=\"wp-block-column is-layout-flow wp-block-column-is-layout-flow\" style=\"flex-basis:50%\">\n<h3 class=\"wp-block-heading\" style=\"font-style:normal;font-weight:300\">European Trading Company<\/h3>\n\n\n\n<p>SARL<br>Si\u00e8ge social: 13, rue Saint Honor\u00e9 &#8211; 78000 Versailles &#8211; France<br>Showroom : 50, rue Panicale &#8211; 78320 La Verri\u00e8re &#8211; France<br>T\u00e9l\u00e9phone.+33(0)1 30 50 61 65 <br>T\u00e9l\u00e9copie.+(0)1 34 61 08 29<br>commercial@e-t-c.pro<br>507977791 RCS Versailles N.I.I FR44507977791<\/p>\n\n\n\n<div style=\"height:30px\" aria-hidden=\"true\" class=\"wp-block-spacer\"><\/div>\n\n\n\n<h3 class=\"wp-block-heading\" style=\"font-style:normal;font-weight:300\">Webdesign<\/h3>\n\n\n\n<p>Justine Harl\u00e9 \/ Ju2citron.com<br>Th\u00e8me WordPress Onepress.<\/p>\n\n\n\n<div style=\"height:30px\" aria-hidden=\"true\" class=\"wp-block-spacer\"><\/div>\n\n\n\n<h3 class=\"wp-block-heading\" style=\"font-style:normal;font-weight:300\">Cr\u00e9dits photographiques<\/h3>\n\n\n\n<p><a href=\"https:\/\/www.vecteezy.com\/free-photos\">Free Stock photos by Vecteezy<\/a> <br><a href=\"https:\/\/fr.freepik.com\/photos-gratuite\/pont-voilier-professionnel-yacht-course-pendant-competition-par-journee-ete-ensoleillee-venteuse-se-deplacant-rapidement-dans-vagues-eau-spinnaker-place_11277912.htm#page=2&amp;query=bateau&amp;position=5&amp;from_view=keyword&amp;track=sph\">Image de bublikhaus<\/a> sur Freepik<br><a href=\"https:\/\/fr.freepik.com\/photos-gratuite\/beau-camping-montagne-camping-car-banc-bois_17247496.htm#query=camping%20vehicule&amp;position=9&amp;from_view=search&amp;track=ais&amp;uuid=5e896d73-d6a8-4e40-b614-a2acd6dae16a\">Image de wirestock<\/a> sur Freepik<br><a href=\"https:\/\/fr.freepik.com\/photos-gratuite\/marteau-cour-livres-concept-jugement-droit_8760882.htm#query=l%C3%A9gal&amp;position=2&amp;from_view=search&amp;track=sph&amp;uuid=a820e62d-d805-464c-9e56-06458a439102\">Image de Racool_studio<\/a> sur Freepik<br><a title=\"pdf ic\u00f4nes\" href=\"https:\/\/www.flaticon.com\/fr\/icones-gratuites\/pdf\">Pdf ic\u00f4nes cr\u00e9\u00e9es par Freepik &#8211; Flaticon<\/a> <\/p>\n\n\n\n<div style=\"height:30px\" aria-hidden=\"true\" class=\"wp-block-spacer\"><\/div>\n\n\n\n<h3 class=\"wp-block-heading\" style=\"font-style:normal;font-weight:300\">H\u00e9bergement<\/h3>\n\n\n\n<p>Site est h\u00e9berg\u00e9 par OVH SAS <br>2 rue Kellermann<br>59100 Roubaix &#8211; France<\/p>\n\n\n\n<div style=\"height:30px\" aria-hidden=\"true\" class=\"wp-block-spacer\"><\/div>\n\n\n\n<h5 class=\"wp-block-heading\">donn\u00e9es personnelles<\/h5>\n\n\n\n<p>Conform\u00e9ment au RGPD :<br>Le formulaire de contact du site a pour fonction de permettre aux internaute de nous contacter,<br>au m\u00eame titre que le mail ou le t\u00e9l\u00e9phone.<br>Aucune donn\u00e9e personnelle ne sera conserv\u00e9e via ce formulaire.<\/p>\n\n\n\n<div style=\"height:20px\" aria-hidden=\"true\" class=\"wp-block-spacer\"><\/div>\n<\/div>\n\n\n\n<div class=\"wp-block-column is-layout-flow wp-block-column-is-layout-flow\" style=\"flex-basis:25%\"><\/div>\n<\/div>\n\n\n\n<div class=\"wp-block-columns is-layout-flex wp-container-core-columns-is-layout-9d6595d7 wp-block-columns-is-layout-flex\">\n<div class=\"wp-block-column is-layout-flow wp-block-column-is-layout-flow\" style=\"flex-basis:25%\"><\/div>\n\n\n\n<div class=\"wp-block-column is-layout-flow wp-block-column-is-layout-flow\" style=\"flex-basis:25%\">\n<div style=\"height:10px\" aria-hidden=\"true\" class=\"wp-block-spacer\"><\/div>\n\n\n\n<p class=\"has-text-align-center\"><\/p>\n<\/div>\n\n\n\n<div class=\"wp-block-column is-layout-flow wp-block-column-is-layout-flow\" style=\"flex-basis:25%\">\n<div style=\"height:10px\" aria-hidden=\"true\" class=\"wp-block-spacer\"><\/div>\n\n\n\n<p class=\"has-text-align-center\"><\/p>\n<\/div>\n<\/div>\n","protected":false},"excerpt":{"rendered":"<p>European Trading Company SARLSi\u00e8ge social: 13, rue Saint Honor\u00e9 &#8211; 78000 Versailles &#8211; FranceShowroom : 50, rue Panicale &#8211; 78320 La Verri\u00e8re &#8211; FranceT\u00e9l\u00e9phone.+33(0)1 30 50 61 65 T\u00e9l\u00e9copie.+(0)1 34 &#8230;<\/p>\n","protected":false},"author":1,"featured_media":1616,"parent":0,"menu_order":0,"comment_status":"closed","ping_status":"closed","template":"template-fullwidth-stretched.php","meta":{"footnotes":""},"class_list":["post-1614","page","type-page","status-publish","has-post-thumbnail","hentry"],"_links":{"self":[{"href":"https:\/\/enduro-premium.com\/xinix\/index.php\/wp-json\/wp\/v2\/pages\/1614","targetHints":{"allow":["GET"]}}],"collection":[{"href":"https:\/\/enduro-premium.com\/xinix\/index.php\/wp-json\/wp\/v2\/pages"}],"about":[{"href":"https:\/\/enduro-premium.com\/xinix\/index.php\/wp-json\/wp\/v2\/types\/page"}],"author":[{"embeddable":true,"href":"https:\/\/enduro-premium.com\/xinix\/index.php\/wp-json\/wp\/v2\/users\/1"}],"replies":[{"embeddable":true,"href":"https:\/\/enduro-premium.com\/xinix\/index.php\/wp-json\/wp\/v2\/comments?post=1614"}],"version-history":[{"count":15,"href":"https:\/\/enduro-premium.com\/xinix\/index.php\/wp-json\/wp\/v2\/pages\/1614\/revisions"}],"predecessor-version":[{"id":1667,"href":"https:\/\/enduro-premium.com\/xinix\/index.php\/wp-json\/wp\/v2\/pages\/1614\/revisions\/1667"}],"wp:featuredmedia":[{"embeddable":true,"href":"https:\/\/enduro-premium.com\/xinix\/index.php\/wp-json\/wp\/v2\/media\/1616"}],"wp:attachment":[{"href":"https:\/\/enduro-premium.com\/xinix\/index.php\/wp-json\/wp\/v2\/media?parent=1614"}],"curies":[{"name":"wp","href":"https:\/\/api.w.org\/{rel}","templated":true}]}}