{"id":1561,"date":"2023-11-09T13:43:21","date_gmt":"2023-11-09T12:43:21","guid":{"rendered":"https:\/\/enduro-premium.com\/xinix\/?page_id=1561"},"modified":"2023-12-07T14:46:36","modified_gmt":"2023-12-07T13:46:36","slug":"documentation","status":"publish","type":"page","link":"https:\/\/enduro-premium.com\/xinix\/index.php\/documentation\/","title":{"rendered":"Documentation"},"content":{"rendered":"\n<div class=\"wp-block-cover is-light has-parallax has-x-large-font-size\" style=\"min-height:350px;aspect-ratio:unset;\"><span aria-hidden=\"true\" class=\"wp-block-cover__background has-black-background-color has-background-dim-20 has-background-dim\"><\/span><div role=\"img\" class=\"wp-block-cover__image-background wp-image-1612 has-parallax\" style=\"background-position:50% 50%;background-image:url(http:\/\/enduro-premium.com\/xinix\/wp-content\/uploads\/2023\/11\/headers_documentationV3-1.jpg)\"><\/div><div class=\"wp-block-cover__inner-container is-layout-constrained wp-block-cover-is-layout-constrained\">\n<p class=\"has-text-align-center has-white-color has-text-color has-x-large-font-size\"><strong>DOCUMENTATIONS<\/strong><\/p>\n<\/div><\/div>\n\n\n\n<div style=\"height:50px\" aria-hidden=\"true\" class=\"wp-block-spacer\"><\/div>\n\n\n\n<div class=\"wp-block-columns is-layout-flex wp-container-core-columns-is-layout-9d6595d7 wp-block-columns-is-layout-flex\">\n<div class=\"wp-block-column is-layout-flow wp-block-column-is-layout-flow\" style=\"flex-basis:25%\"><\/div>\n\n\n\n<div class=\"wp-block-column is-layout-flow wp-block-column-is-layout-flow\" style=\"flex-basis:50%\">\n<h2 class=\"wp-block-heading has-text-align-center has-black-color has-text-color has-medium-font-size\" style=\"font-style:normal;font-weight:300\">Cliquez sur l&rsquo;ic\u00f4ne pour <br>t\u00e9l\u00e9charger les documents<\/h2>\n\n\n\n<div style=\"height:20px\" aria-hidden=\"true\" class=\"wp-block-spacer\"><\/div>\n<\/div>\n\n\n\n<div class=\"wp-block-column is-layout-flow wp-block-column-is-layout-flow\" style=\"flex-basis:25%\"><\/div>\n<\/div>\n\n\n\n<div class=\"wp-block-columns is-layout-flex wp-container-core-columns-is-layout-9d6595d7 wp-block-columns-is-layout-flex\">\n<div class=\"wp-block-column is-layout-flow wp-block-column-is-layout-flow\" style=\"flex-basis:25%\"><\/div>\n\n\n\n<div class=\"wp-block-column is-layout-flow wp-block-column-is-layout-flow\" style=\"flex-basis:25%\"><div class=\"wp-block-image is-style-default\">\n<figure class=\"aligncenter size-full is-resized\"><a href=\"https:\/\/enduro-premium.com\/xinix\/wp-content\/uploads\/2023\/11\/XiniX-Gamme-de-produits-Ver.Web-5-2023.pdf\" target=\"_blank\" rel=\"noreferrer noopener\"><img loading=\"lazy\" decoding=\"async\" width=\"512\" height=\"512\" src=\"http:\/\/enduro-premium.com\/xinix\/wp-content\/uploads\/2023\/11\/pdf.png\" alt=\"\" class=\"wp-image-1568\" style=\"width:80px\" srcset=\"https:\/\/enduro-premium.com\/xinix\/wp-content\/uploads\/2023\/11\/pdf.png 512w, https:\/\/enduro-premium.com\/xinix\/wp-content\/uploads\/2023\/11\/pdf-300x300.png 300w, https:\/\/enduro-premium.com\/xinix\/wp-content\/uploads\/2023\/11\/pdf-150x150.png 150w\" sizes=\"auto, (max-width: 512px) 100vw, 512px\" \/><\/a><\/figure>\n<\/div>\n\n\n<div style=\"height:10px\" aria-hidden=\"true\" class=\"wp-block-spacer\"><\/div>\n\n\n\n<h3 class=\"wp-block-heading has-text-align-center has-black-color has-text-color\"><a href=\"https:\/\/enduro-premium.com\/xinix\/wp-content\/uploads\/2023\/11\/XiniX-Gamme-de-produits-Ver.Web-5-2023.pdf\" data-type=\"attachment\" data-id=\"1565\" target=\"_blank\" rel=\"noreferrer noopener\">Gamme de produits<\/a><\/h3>\n\n\n\n<p class=\"has-text-align-center\"><\/p>\n<\/div>\n\n\n\n<div class=\"wp-block-column is-layout-flow wp-block-column-is-layout-flow\" style=\"flex-basis:25%\"><div class=\"wp-block-image\">\n<figure class=\"aligncenter size-full is-resized\"><a href=\"http:\/\/enduro-premium.com\/xinix\/wp-content\/uploads\/2023\/12\/Xinix_Flyer_2.3-FR-web.pdf\" target=\"_blank\" rel=\"noreferrer noopener\"><img loading=\"lazy\" decoding=\"async\" width=\"512\" height=\"512\" src=\"http:\/\/enduro-premium.com\/xinix\/wp-content\/uploads\/2023\/11\/pdf.png\" alt=\"\" class=\"wp-image-1568\" style=\"width:80px\" srcset=\"https:\/\/enduro-premium.com\/xinix\/wp-content\/uploads\/2023\/11\/pdf.png 512w, https:\/\/enduro-premium.com\/xinix\/wp-content\/uploads\/2023\/11\/pdf-300x300.png 300w, https:\/\/enduro-premium.com\/xinix\/wp-content\/uploads\/2023\/11\/pdf-150x150.png 150w\" sizes=\"auto, (max-width: 512px) 100vw, 512px\" \/><\/a><\/figure>\n<\/div>\n\n\n<div style=\"height:10px\" aria-hidden=\"true\" class=\"wp-block-spacer\"><\/div>\n\n\n\n<h3 class=\"wp-block-heading has-text-align-center has-black-color has-text-color\"><a href=\"http:\/\/enduro-premium.com\/xinix\/wp-content\/uploads\/2023\/12\/Xinix_Flyer_2.3-FR-web.pdf\">XINIX FreeBact\u00ae flyer<\/a><\/h3>\n\n\n\n<p class=\"has-text-align-center\"><\/p>\n<\/div>\n\n\n\n<div class=\"wp-block-column is-layout-flow wp-block-column-is-layout-flow\" style=\"flex-basis:25%\"><\/div>\n<\/div>\n","protected":false},"excerpt":{"rendered":"<p>Cliquez sur l&rsquo;ic\u00f4ne pour t\u00e9l\u00e9charger les documents Gamme de produits XINIX FreeBact\u00ae flyer<\/p>\n","protected":false},"author":1,"featured_media":1612,"parent":0,"menu_order":0,"comment_status":"closed","ping_status":"closed","template":"template-fullwidth-stretched.php","meta":{"footnotes":""},"class_list":["post-1561","page","type-page","status-publish","has-post-thumbnail","hentry"],"_links":{"self":[{"href":"https:\/\/enduro-premium.com\/xinix\/index.php\/wp-json\/wp\/v2\/pages\/1561","targetHints":{"allow":["GET"]}}],"collection":[{"href":"https:\/\/enduro-premium.com\/xinix\/index.php\/wp-json\/wp\/v2\/pages"}],"about":[{"href":"https:\/\/enduro-premium.com\/xinix\/index.php\/wp-json\/wp\/v2\/types\/page"}],"author":[{"embeddable":true,"href":"https:\/\/enduro-premium.com\/xinix\/index.php\/wp-json\/wp\/v2\/users\/1"}],"replies":[{"embeddable":true,"href":"https:\/\/enduro-premium.com\/xinix\/index.php\/wp-json\/wp\/v2\/comments?post=1561"}],"version-history":[{"count":11,"href":"https:\/\/enduro-premium.com\/xinix\/index.php\/wp-json\/wp\/v2\/pages\/1561\/revisions"}],"predecessor-version":[{"id":1670,"href":"https:\/\/enduro-premium.com\/xinix\/index.php\/wp-json\/wp\/v2\/pages\/1561\/revisions\/1670"}],"wp:featuredmedia":[{"embeddable":true,"href":"https:\/\/enduro-premium.com\/xinix\/index.php\/wp-json\/wp\/v2\/media\/1612"}],"wp:attachment":[{"href":"https:\/\/enduro-premium.com\/xinix\/index.php\/wp-json\/wp\/v2\/media?parent=1561"}],"curies":[{"name":"wp","href":"https:\/\/api.w.org\/{rel}","templated":true}]}}