{"id":1404,"date":"2023-10-17T21:32:22","date_gmt":"2023-10-17T19:32:22","guid":{"rendered":"http:\/\/enduro-premium.com\/xinix\/?page_id=1404"},"modified":"2023-11-16T18:46:07","modified_gmt":"2023-11-16T17:46:07","slug":"faq","status":"publish","type":"page","link":"https:\/\/enduro-premium.com\/xinix\/index.php\/faq\/","title":{"rendered":"FAQ"},"content":{"rendered":"\n<div class=\"wp-block-cover has-parallax has-x-large-font-size\" style=\"min-height:350px;aspect-ratio:unset;\"><span aria-hidden=\"true\" class=\"wp-block-cover__background has-black-background-color has-background-dim-20 has-background-dim\"><\/span><div role=\"img\" class=\"wp-block-cover__image-background wp-image-1356 has-parallax\" style=\"background-position:50% 50%;background-image:url(http:\/\/enduro-premium.com\/xinix\/wp-content\/uploads\/2023\/10\/headers-faq-scaled.jpg)\"><\/div><div class=\"wp-block-cover__inner-container is-layout-constrained wp-block-cover-is-layout-constrained\">\n<p class=\"has-text-align-center has-white-color has-text-color has-x-large-font-size\"><strong>FAQ<\/strong><\/p>\n<\/div><\/div>\n\n\n\n<div style=\"height:50px\" aria-hidden=\"true\" class=\"wp-block-spacer\"><\/div>\n\n\n\n<div class=\"wp-block-columns is-layout-flex wp-container-core-columns-is-layout-9d6595d7 wp-block-columns-is-layout-flex\">\n<div class=\"wp-block-column is-layout-flow wp-block-column-is-layout-flow\" style=\"flex-basis:25%\"><\/div>\n\n\n\n<div class=\"wp-block-column is-layout-flow wp-block-column-is-layout-flow\" style=\"flex-basis:50%\">\n<h3 class=\"wp-block-heading has-black-color has-text-color\" style=\"font-style:normal;font-weight:300\">Comment \u00e7a marche ?<\/h3>\n\n\n\n<p class=\"has-black-color has-text-color\">\u2022 <strong>Qu&rsquo;est-ce que le dioxyde de chlore ?<\/strong><\/p>\n\n\n\n<p>Le dioxyde de chlore (ClO2) est un d\u00e9sinfectant tr\u00e8s efficace contre les micro-organismes, il est \u00e9galement plus \u00e9cologique que le chlore.<\/p>\n\n\n\n<p class=\"has-black-color has-text-color\">\u2022 <strong>Le dioxyde de chlore est-il approuv\u00e9 pour la d\u00e9sinfection de l&rsquo;eau ?<\/strong><\/p>\n\n\n\n<p>Le dioxyde de chlore est approuv\u00e9 au sein de l&rsquo;UE et par l&rsquo;Agence su\u00e9doise de l&rsquo;alimentation et recommand\u00e9 par l&rsquo;Agence de protection de l&rsquo;environnement des \u00c9tats-Unis (USEPA) comme additif de d\u00e9sinfection pour l&rsquo;eau potable, pour remplacer le chlore (source de sous-produits canc\u00e9rig\u00e8nes).<\/p>\n\n\n\n<p class=\"has-black-color has-text-color\">\u2022 <strong>Contre quels micro-organismes le dioxyde de chlore est-il efficace ?<\/strong><\/p>\n\n\n\n<p>M\u00eame avec un temps de contact minimal, le dioxyde de chlore est tr\u00e8s efficace contre les organismes pathog\u00e8nes, par ex. Legionella, Listeria, Salmonella, kystes d&rsquo;amibes, kystes de Giardia, E. Coli et Cryptosporidium. Comme le dioxyde de chlore d\u00e9truit le biofilm, la repousse bact\u00e9rienne est \u00e9galement emp\u00each\u00e9e.<\/p>\n\n\n\n<p class=\"has-black-color has-text-color\"><strong>\u2022 Les produits Xinix sont-ils aussi efficaces que le chlore ?<\/strong><\/p>\n\n\n\n<p><a href=\"https:\/\/xinix.se\/fr\/pages\/freebact\u00ae-water\"><strong>FreeBact\u00ae<\/strong><\/a><strong><a href=\"http:\/\/enduro-premium.com\/xinix\/index.php\/produits\/freebact-water\/\" data-type=\"page\" data-id=\"1390\">water<\/a><\/strong> n&rsquo;affecte pas l&rsquo;odeur ou le go\u00fbt de l&rsquo;eau et est d&rsquo;env. 5 fois plus efficace que les produits \u00e0 base de chlore. Nos produits ne forment pas de compos\u00e9s chlor\u00e9s\/trihalom\u00e9thanes li\u00e9s, comme le font les produits \u00e0 base de chlore (ceux-ci sont consid\u00e9r\u00e9s comme canc\u00e9rig\u00e8nes).<\/p>\n\n\n\n<p class=\"has-black-color has-text-color\">\u2022 <strong>Comment puis-je savoir que vos produits fonctionnent vraiment&nbsp;?<\/strong><\/p>\n\n\n\n<p><strong>XINIX compte plus de 40 \u00e9tudes et tests scientifiques provenant d&rsquo;universit\u00e9s et de laboratoires de renomm\u00e9e mondiale tels que Clancy, Johns Hopkins, la London Medical School, l&rsquo;Universit\u00e9 de Singapour, l&rsquo;Universit\u00e9 de Michigan State, etc.<\/strong><\/p>\n\n\n\n<p>6 normes EN*. Une m\u00e9thode de d\u00e9sinfection s\u00fbre pour \u00e9liminer les bact\u00e9ries sporul\u00e9es.<\/p>\n\n\n\n<p>Certifications ISO en cours et tests EN suppl\u00e9mentaires.<\/p>\n\n\n\n<p><em>* EN = Les normes europ\u00e9ennes sont une expression d&rsquo;exigences relatives aux produits, processus ou services pour r\u00e9pondre \u00e0 l&rsquo;exigence d&rsquo;ad\u00e9quation \u00e0 un usage particulier,&nbsp; <\/em><a href=\"https:\/\/www.en-standard.eu\/\" target=\"_blank\" rel=\"noreferrer noopener\"><em>pour en savoir plus ici<\/em><\/a><em> .<\/em><\/p>\n\n\n\n<p class=\"has-black-color has-text-color\">\u2022 <strong>Pour quelle quantit\u00e9 d\u2019eau les produits Xinix sont-ils suffisants ?<\/strong><\/p>\n\n\n\n<p>Il existe des produits pour tous les besoins ; notre plus petite bouteille suffit pour 50 litres et notre plus grande pour 8 m3 d&rsquo;eau.<\/p>\n\n\n\n<p class=\"has-black-color has-text-color\">\u2022 <strong>Combien de temps dure l\u2019eau potable trait\u00e9e par Xinix, c\u2019est-\u00e0-dire exempte de bact\u00e9ries et potable ?<\/strong><\/p>\n\n\n\n<p>Si le r\u00e9servoir d&rsquo;eau est ferm\u00e9 avec un couvercle et n&rsquo;est pas ouvert, l&rsquo;eau reste d\u00e9sinfect\u00e9e.<\/p>\n\n\n\n<p>D\u00e8s que vous ouvrez le couvercle, un nouveau processus de contamination commence. La d\u00e9sinfection avec nos produits est momentan\u00e9e, c&rsquo;est-\u00e0-dire qu&rsquo;elle n&rsquo;a aucun effet \u00e0 long terme. La dur\u00e9e pendant laquelle l\u2019eau reste potable d\u00e9pend donc du r\u00e9servoir dans lequel elle est stock\u00e9e et de la mani\u00e8re dont elle est scell\u00e9e.<\/p>\n\n\n\n<p>L&rsquo;eau est d\u00e9sinfect\u00e9e au moment de son utilisation, rapidement car le temps de contact est court, sans laisser de go\u00fbt ni d&rsquo;odeur. Les produits Xinix ne laissent pas non plus de r\u00e9sidus nocifs, contrairement aux produits \u00e0 base de chlore. Le seul produit r\u00e9siduel est du sel commun <em>\u00e0 peine mesurable<\/em> . <\/p>\n\n\n\n<p class=\"has-black-color has-text-color\">\u2022 <strong>Certaines eaux de puits contiennent de nombreux min\u00e9raux utiles, mais elles contiennent g\u00e9n\u00e9ralement des bact\u00e9ries. Lorsque vous ajoutez du Xinix, les min\u00e9raux disparaissent-ils \u00e9galement ou restent-ils&nbsp;?<\/strong><\/p>\n\n\n\n<p>Non, les produits Xinix n&rsquo;\u00e9liminent PAS les min\u00e9raux de l&rsquo;eau. <\/p>\n\n\n\n<p class=\"has-black-color has-text-color\">\u2022 <strong>Est-il dangereux de boire du Xinix non dilu\u00e9, par exemple si un enfant tombe accidentellement sur une bouteille et la boit ? Est-ce dangereux en cas de surdose accidentelle ?<\/strong>&nbsp;<\/p>\n\n\n\n<p>En cas d&rsquo;ingestion du produit pr\u00eat \u00e0 l&#8217;emploi (1-K) :&nbsp;<br>Il n&rsquo;y a aucun danger en cas de surdosage. En cas d&rsquo;ingestion d&rsquo;un volume plus important, boire de l&rsquo;eau et consulter un m\u00e9decin.<\/p>\n\n\n\n<p>En cas d&rsquo;ingestion de produit \u00e0 deux composants (2-K) :&nbsp;<br>Boire de l&rsquo;eau et consulter un m\u00e9decin. <\/p>\n\n\n\n<p class=\"has-black-color has-text-color has-link-color wp-elements-0a8aa479d42eb551bc398bdc511d0904\">\u2022 <strong>Peut-on boire vos produits concentr\u00e9s\/non dilu\u00e9s ?<\/strong> <\/p>\n\n\n\n<p><strong>Non. <\/strong>Utilisez nos produits uniquement selon les instructions figurant sur l&#8217;emballage et dans le but d\u00e9crit.<\/p>\n\n\n\n<p class=\"has-black-color has-text-color\">\u2022 <strong>Comment \u00e9volue la flore intestinale si on en boit au fil du temps, c&rsquo;est-\u00e0-dire que toutes les bonnes bact\u00e9ries sont-elles \u00e9galement \u00e9limin\u00e9es en m\u00eame temps ?<\/strong><\/p>\n\n\n\n<p>La flore intestinale n&rsquo;est pas du tout affect\u00e9e par nos produits car vous ne buvez AUCUN produit chimique.<\/p>\n\n\n\n<p>En termes simples, le dioxyde de chlore r\u00e9agit avec les micro-organismes pr\u00e9sents dans l&rsquo;eau, mais la substance active en tant que telle \u00e0 disparu.<\/p>\n\n\n\n<p>La seule chose qui reste comme r\u00e9sidu est une quantit\u00e9 \u00e0 peine mesurable de sel. Cela contraste avec le chlore, que vous dissolvez dans l\u2019eau puis consommez. <\/p>\n\n\n\n<p class=\"has-black-color has-text-color\">\u2022 <strong>Le liquide pourrait-il accidentellement se transformer en gaz explosif&nbsp;?<\/strong><\/p>\n\n\n\n<p>NON.<\/p>\n\n\n\n<p>Dans le processus que nous utilisons, notre produit pr\u00eat \u00e0 l&#8217;emploi (1-K) est compos\u00e9 \u00e0 99,85 % d&rsquo;eau et notre produit \u00e0 deux composants (2-K) ne peut pas former de gaz explosif.<\/p>\n<\/div>\n\n\n\n<div class=\"wp-block-column is-layout-flow wp-block-column-is-layout-flow\" style=\"flex-basis:25%\"><\/div>\n<\/div>\n","protected":false},"excerpt":{"rendered":"<p>Comment \u00e7a marche ? \u2022 Qu&rsquo;est-ce que le dioxyde de chlore ? Le dioxyde de chlore (ClO2) est un d\u00e9sinfectant tr\u00e8s efficace contre les micro-organismes, il est \u00e9galement plus \u00e9cologique &#8230;<\/p>\n","protected":false},"author":1,"featured_media":1356,"parent":0,"menu_order":0,"comment_status":"closed","ping_status":"closed","template":"template-fullwidth-stretched.php","meta":{"footnotes":""},"class_list":["post-1404","page","type-page","status-publish","has-post-thumbnail","hentry"],"_links":{"self":[{"href":"https:\/\/enduro-premium.com\/xinix\/index.php\/wp-json\/wp\/v2\/pages\/1404","targetHints":{"allow":["GET"]}}],"collection":[{"href":"https:\/\/enduro-premium.com\/xinix\/index.php\/wp-json\/wp\/v2\/pages"}],"about":[{"href":"https:\/\/enduro-premium.com\/xinix\/index.php\/wp-json\/wp\/v2\/types\/page"}],"author":[{"embeddable":true,"href":"https:\/\/enduro-premium.com\/xinix\/index.php\/wp-json\/wp\/v2\/users\/1"}],"replies":[{"embeddable":true,"href":"https:\/\/enduro-premium.com\/xinix\/index.php\/wp-json\/wp\/v2\/comments?post=1404"}],"version-history":[{"count":16,"href":"https:\/\/enduro-premium.com\/xinix\/index.php\/wp-json\/wp\/v2\/pages\/1404\/revisions"}],"predecessor-version":[{"id":1664,"href":"https:\/\/enduro-premium.com\/xinix\/index.php\/wp-json\/wp\/v2\/pages\/1404\/revisions\/1664"}],"wp:featuredmedia":[{"embeddable":true,"href":"https:\/\/enduro-premium.com\/xinix\/index.php\/wp-json\/wp\/v2\/media\/1356"}],"wp:attachment":[{"href":"https:\/\/enduro-premium.com\/xinix\/index.php\/wp-json\/wp\/v2\/media?parent=1404"}],"curies":[{"name":"wp","href":"https:\/\/api.w.org\/{rel}","templated":true}]}}