{"id":1400,"date":"2023-10-17T21:30:41","date_gmt":"2023-10-17T19:30:41","guid":{"rendered":"http:\/\/enduro-premium.com\/xinix\/?page_id=1400"},"modified":"2023-11-09T15:12:35","modified_gmt":"2023-11-09T14:12:35","slug":"fonctionnement","status":"publish","type":"page","link":"https:\/\/enduro-premium.com\/xinix\/index.php\/fonctionnement\/","title":{"rendered":"Fonctionnement"},"content":{"rendered":"\n<div class=\"wp-block-cover is-light has-parallax has-x-large-font-size\" style=\"min-height:350px;aspect-ratio:unset;\"><span aria-hidden=\"true\" class=\"wp-block-cover__background has-black-background-color has-background-dim-20 has-background-dim\"><\/span><div role=\"img\" class=\"wp-block-cover__image-background wp-image-1357 has-parallax\" style=\"background-position:50% 50%;background-image:url(http:\/\/enduro-premium.com\/xinix\/wp-content\/uploads\/2023\/10\/headers-fonctionnement-scaled.jpg)\"><\/div><div class=\"wp-block-cover__inner-container is-layout-constrained wp-block-cover-is-layout-constrained\">\n<p class=\"has-text-align-center has-white-color has-text-color has-x-large-font-size\"><strong>VOILA COMMENT<\/strong> cela fonctionne<\/p>\n<\/div><\/div>\n\n\n\n<div style=\"height:50px\" aria-hidden=\"true\" class=\"wp-block-spacer\"><\/div>\n\n\n\n<div class=\"wp-block-columns is-layout-flex wp-container-core-columns-is-layout-9d6595d7 wp-block-columns-is-layout-flex\">\n<div class=\"wp-block-column is-layout-flow wp-block-column-is-layout-flow\" style=\"flex-basis:25%\"><\/div>\n\n\n\n<div class=\"wp-block-column is-layout-flow wp-block-column-is-layout-flow\" style=\"flex-basis:50%\">\n<div class=\"wp-block-media-text is-stacked-on-mobile\"><figure class=\"wp-block-media-text__media\"><img loading=\"lazy\" decoding=\"async\" width=\"1024\" height=\"682\" src=\"http:\/\/enduro-premium.com\/xinix\/wp-content\/uploads\/2023\/10\/headers-faq-1024x682.jpg\" alt=\"\" class=\"wp-image-1356 size-full\" srcset=\"https:\/\/enduro-premium.com\/xinix\/wp-content\/uploads\/2023\/10\/headers-faq-1024x682.jpg 1024w, https:\/\/enduro-premium.com\/xinix\/wp-content\/uploads\/2023\/10\/headers-faq-300x200.jpg 300w, https:\/\/enduro-premium.com\/xinix\/wp-content\/uploads\/2023\/10\/headers-faq-768x511.jpg 768w, https:\/\/enduro-premium.com\/xinix\/wp-content\/uploads\/2023\/10\/headers-faq-1536x1022.jpg 1536w, https:\/\/enduro-premium.com\/xinix\/wp-content\/uploads\/2023\/10\/headers-faq-2048x1363.jpg 2048w\" sizes=\"auto, (max-width: 1024px) 100vw, 1024px\" \/><\/figure><div class=\"wp-block-media-text__content\">\n<h2 class=\"wp-block-heading has-text-align-left has-black-color has-text-color\">Invention &#8211; par hasard<\/h2>\n\n\n\n<p><strong>L&rsquo;entreprise Xinix a \u00e9t\u00e9 cr\u00e9\u00e9e par le p\u00e8re de l&rsquo;actuel PDG Peter Homberg, G\u00f6ran Holmberg, il y a pr\u00e8s de 30&nbsp;ans.<\/strong><\/p>\n<\/div><\/div>\n\n\n\n<div style=\"height:15px\" aria-hidden=\"true\" class=\"wp-block-spacer\"><\/div>\n\n\n\n<p>G\u00f6ran a travaill\u00e9 \u00e0 l&rsquo;international et a vu le besoin d&rsquo;un moyen simple de d\u00e9sinfecter l&rsquo;eau, facilement transportable lors de ses d\u00e9placements  \u00e0 travers le monde. En collaboration avec un innovateur, il a d\u00e9velopp\u00e9 le produit AquaCare, bas\u00e9 sur un dioxyde de chlore stabilis\u00e9, ClO2. <\/p>\n\n\n\n<div style=\"height:80px\" aria-hidden=\"true\" class=\"wp-block-spacer\"><\/div>\n\n\n\n<div class=\"wp-block-media-text is-stacked-on-mobile\"><figure class=\"wp-block-media-text__media\"><img loading=\"lazy\" decoding=\"async\" width=\"1024\" height=\"647\" src=\"http:\/\/enduro-premium.com\/xinix\/wp-content\/uploads\/2023\/10\/CLO2-1024x647.jpg\" alt=\"\" class=\"wp-image-1491 size-full\" srcset=\"https:\/\/enduro-premium.com\/xinix\/wp-content\/uploads\/2023\/10\/CLO2-1024x647.jpg 1024w, https:\/\/enduro-premium.com\/xinix\/wp-content\/uploads\/2023\/10\/CLO2-300x189.jpg 300w, https:\/\/enduro-premium.com\/xinix\/wp-content\/uploads\/2023\/10\/CLO2-768x485.jpg 768w, https:\/\/enduro-premium.com\/xinix\/wp-content\/uploads\/2023\/10\/CLO2.jpg 1512w\" sizes=\"auto, (max-width: 1024px) 100vw, 1024px\" \/><\/figure><div class=\"wp-block-media-text__content\">\n<h2 class=\"wp-block-heading has-black-color has-text-color\">Le secret du dioxyde de chlore<\/h2>\n\n\n\n<p><strong>Le dioxyde de chlore (ClO2) est un d\u00e9sinfectant tr\u00e8s efficace contre les micro-organismes, il est \u00e9galement plus \u00e9cologique que le chlore.<\/strong><\/p>\n<\/div><\/div>\n\n\n\n<div style=\"height:15px\" aria-hidden=\"true\" class=\"wp-block-spacer\"><\/div>\n\n\n\n<p>Le dioxyde de chlore est un oxydant s\u00e9lectif et \u00e9limine les bact\u00e9ries, d\u00e9sinfecte les surfaces et d\u00e9truit les biofilms tr\u00e8s efficace.<\/p>\n\n\n\n<p>Le dioxyde de chlore tue les bact\u00e9ries et les virus \u00e0 des concentrations aussi faibles que 0,1 ppm.<\/p>\n\n\n\n<p>M\u00eame avec un temps de contact minimal, le dioxyde de chlore est tr\u00e8s efficace contre les organismes pathog\u00e8nes, par ex. Legionella, Listeria, Salmonella, kystes d&rsquo;amibes, kystes de Giardia, E. Coli et Cryptosporidium. Parce que le dioxyde de chlore d\u00e9truit le biofilm, la repousse bact\u00e9rienne est \u00e9galement emp\u00each\u00e9e.<\/p>\n\n\n\n<p>Le dioxyde de chlore est reconnu depuis longtemps comme un agent tr\u00e8s efficace contre les micro-organismes et est utilis\u00e9 comme d\u00e9sinfectant dans des applications \u00e0 grande \u00e9chelle.<\/p>\n\n\n\n<p>Le dioxyde de chlore est approuv\u00e9 au sein de l&rsquo;UE et par l&rsquo;Agence su\u00e9doise de l&rsquo;alimentation ainsi que recommand\u00e9 par l&rsquo;Agence de protection de l&rsquo;environnement des \u00c9tats-Unis (USEPA) comme additif d\u00e9sinfectant pour rendre l&rsquo;eau potable, en remplacement du chlore (source de sous-produits canc\u00e9rig\u00e8nes).<\/p>\n\n\n\n<div style=\"height:80px\" aria-hidden=\"true\" class=\"wp-block-spacer\"><\/div>\n\n\n\n<div class=\"wp-block-media-text is-stacked-on-mobile\"><figure class=\"wp-block-media-text__media\"><img loading=\"lazy\" decoding=\"async\" width=\"1024\" height=\"682\" src=\"http:\/\/enduro-premium.com\/xinix\/wp-content\/uploads\/2023\/10\/headers-fonctionnement-1024x682.jpg\" alt=\"\" class=\"wp-image-1357 size-full\" srcset=\"https:\/\/enduro-premium.com\/xinix\/wp-content\/uploads\/2023\/10\/headers-fonctionnement-1024x682.jpg 1024w, https:\/\/enduro-premium.com\/xinix\/wp-content\/uploads\/2023\/10\/headers-fonctionnement-300x200.jpg 300w, https:\/\/enduro-premium.com\/xinix\/wp-content\/uploads\/2023\/10\/headers-fonctionnement-768x511.jpg 768w, https:\/\/enduro-premium.com\/xinix\/wp-content\/uploads\/2023\/10\/headers-fonctionnement-1536x1022.jpg 1536w, https:\/\/enduro-premium.com\/xinix\/wp-content\/uploads\/2023\/10\/headers-fonctionnement-2048x1363.jpg 2048w\" sizes=\"auto, (max-width: 1024px) 100vw, 1024px\" \/><\/figure><div class=\"wp-block-media-text__content\">\n<h2 class=\"wp-block-heading has-black-color has-text-color\">Quelle est la diff\u00e9rence par rapport aux autres produits ?<\/h2>\n\n\n\n<p><strong>XINIX \u00e9limine TOUS les virus, bact\u00e9ries, protozoaires, amibes et champignons &#8211; m\u00eame les bact\u00e9ries sporul\u00e9es.<\/strong><\/p>\n<\/div><\/div>\n\n\n\n<div style=\"height:15px\" aria-hidden=\"true\" class=\"wp-block-spacer\"><\/div>\n\n\n\n<p>Quelle est la diff\u00e9rence par rapport aux autres produits&nbsp;?<\/p>\n\n\n\n<p><strong>La d\u00e9sinfection \u00e0 base d&rsquo;alcool<\/strong> n&rsquo;a aucun effet sur les virus nus ou les bact\u00e9ries sporul\u00e9es qui sont une cause majeure de certaines maladies nosocomiales.<\/p>\n\n\n\n<p><strong>La d\u00e9sinfection \u00e0 base de chlore<\/strong> de l&rsquo;eau et des surfaces a un temps de contact long, de plus les bact\u00e9ries peuvent d\u00e9velopper une r\u00e9sistance au chlore. Elle n\u00e9cessite \u00e9galement une quantit\u00e9 de chlore beaucoup plus importante que les produits XINIX, qui sont environ 5 fois plus efficaces que les d\u00e9sinfectants \u00e0 base de chlore.<\/p>\n\n\n\n<p>Les produits XINIX sont diff\u00e9rents de la <strong>d\u00e9sinfection \u00e0 base de chlore<\/strong> &#8211; nos produits fournissent une eau potable de qualit\u00e9 sans arri\u00e8re go\u00fbt et avec pour seul r\u00e9sidu du sel commun <em>\u00e0 peine mesurable<\/em>.<\/p>\n<\/div>\n\n\n\n<div class=\"wp-block-column is-layout-flow wp-block-column-is-layout-flow\" style=\"flex-basis:25%\"><\/div>\n<\/div>\n","protected":false},"excerpt":{"rendered":"<p>Invention &#8211; par hasard L&rsquo;entreprise Xinix a \u00e9t\u00e9 cr\u00e9\u00e9e par le p\u00e8re de l&rsquo;actuel PDG Peter Homberg, G\u00f6ran Holmberg, il y a pr\u00e8s de 30&nbsp;ans. G\u00f6ran a travaill\u00e9 \u00e0 l&rsquo;international &#8230;<\/p>\n","protected":false},"author":1,"featured_media":1357,"parent":0,"menu_order":0,"comment_status":"closed","ping_status":"closed","template":"template-fullwidth-stretched.php","meta":{"footnotes":""},"class_list":["post-1400","page","type-page","status-publish","has-post-thumbnail","hentry"],"_links":{"self":[{"href":"https:\/\/enduro-premium.com\/xinix\/index.php\/wp-json\/wp\/v2\/pages\/1400","targetHints":{"allow":["GET"]}}],"collection":[{"href":"https:\/\/enduro-premium.com\/xinix\/index.php\/wp-json\/wp\/v2\/pages"}],"about":[{"href":"https:\/\/enduro-premium.com\/xinix\/index.php\/wp-json\/wp\/v2\/types\/page"}],"author":[{"embeddable":true,"href":"https:\/\/enduro-premium.com\/xinix\/index.php\/wp-json\/wp\/v2\/users\/1"}],"replies":[{"embeddable":true,"href":"https:\/\/enduro-premium.com\/xinix\/index.php\/wp-json\/wp\/v2\/comments?post=1400"}],"version-history":[{"count":30,"href":"https:\/\/enduro-premium.com\/xinix\/index.php\/wp-json\/wp\/v2\/pages\/1400\/revisions"}],"predecessor-version":[{"id":1599,"href":"https:\/\/enduro-premium.com\/xinix\/index.php\/wp-json\/wp\/v2\/pages\/1400\/revisions\/1599"}],"wp:featuredmedia":[{"embeddable":true,"href":"https:\/\/enduro-premium.com\/xinix\/index.php\/wp-json\/wp\/v2\/media\/1357"}],"wp:attachment":[{"href":"https:\/\/enduro-premium.com\/xinix\/index.php\/wp-json\/wp\/v2\/media?parent=1400"}],"curies":[{"name":"wp","href":"https:\/\/api.w.org\/{rel}","templated":true}]}}