{"id":1394,"date":"2023-10-17T21:25:26","date_gmt":"2023-10-17T19:25:26","guid":{"rendered":"http:\/\/enduro-premium.com\/xinix\/?page_id=1394"},"modified":"2023-10-18T16:13:54","modified_gmt":"2023-10-18T14:13:54","slug":"freebact-surface","status":"publish","type":"page","link":"https:\/\/enduro-premium.com\/xinix\/index.php\/produits\/freebact-surface\/","title":{"rendered":"FreeBact\u00ae Surface"},"content":{"rendered":"\n<div class=\"wp-block-cover has-parallax has-x-large-font-size\" style=\"min-height:350px;aspect-ratio:unset;\"><span aria-hidden=\"true\" class=\"wp-block-cover__background has-black-background-color has-background-dim-20 has-background-dim\"><\/span><div role=\"img\" class=\"wp-block-cover__image-background wp-image-1385 has-parallax\" style=\"background-position:50% 50%;background-image:url(http:\/\/enduro-premium.com\/xinix\/wp-content\/uploads\/2023\/10\/headers-surface-scaled.jpg)\"><\/div><div class=\"wp-block-cover__inner-container is-layout-constrained wp-block-cover-is-layout-constrained\">\n<p class=\"has-text-align-center has-white-color has-text-color has-x-large-font-size\"><strong>FreeBact\u00ae Surface<\/strong><\/p>\n<\/div><\/div>\n\n\n\n<div style=\"height:50px\" aria-hidden=\"true\" class=\"wp-block-spacer\"><\/div>\n\n\n\n<div class=\"wp-block-columns is-layout-flex wp-container-core-columns-is-layout-9d6595d7 wp-block-columns-is-layout-flex\">\n<div class=\"wp-block-column is-layout-flow wp-block-column-is-layout-flow\" style=\"flex-basis:25%\"><\/div>\n\n\n\n<div class=\"wp-block-column is-layout-flow wp-block-column-is-layout-flow\" style=\"flex-basis:50%\">\n<p><strong>FreeBact\u00ae Surface<\/strong> est un produit qui permet une d\u00e9sinfection tr\u00e8s efficace et respectueuse de l&rsquo;environnement des mains et des surfaces.<\/p>\n\n\n\n<p><strong>FreeBact\u00ae Surface<\/strong> est efficace contre tous les types de micro-organismes pathog\u00e8nes tels que les fongus, les bact\u00e9ries et les virus. Il s&rsquo;applique facilement sur les mains et les surfaces, ce qui permet une \u00e9limination rapide des micro-organismes, sans dess\u00e9cher la peau ou tout autre mat\u00e9riau sensible.<\/p>\n\n\n\n<p><strong>FreeBact\u00ae Surface<\/strong> peut \u00eatre utilis\u00e9 autant de fois que d\u00e9sir\u00e9 sans ass\u00e9cher la peau ni affecter le mat\u00e9riau.<\/p>\n\n\n\n<p><strong>FreeBact\u00ae Surface<\/strong> ne laisser des effets ind\u00e9sirables tels que des odeurs ou des r\u00e9sidus lors de l&rsquo;application.<\/p>\n\n\n\n<p><strong>FreeBact\u00ae Surface<\/strong> est une solution de dioxyde de chlore liquide stabilis\u00e9e disponible \u00e0 la fois sous forme de solution pr\u00eate (1-K) et sous forme de deux composants produit (2-K).<\/p>\n\n\n\n<p><em>Le produit est actif tant qu&rsquo;il est jaune.<\/em><\/p>\n\n\n\n<div style=\"height:20px\" aria-hidden=\"true\" class=\"wp-block-spacer\"><\/div>\n\n\n\n<div class=\"wp-block-columns is-layout-flex wp-container-core-columns-is-layout-9d6595d7 wp-block-columns-is-layout-flex\">\n<div class=\"wp-block-column is-layout-flow wp-block-column-is-layout-flow\">\n<figure class=\"wp-block-image size-full\"><img loading=\"lazy\" decoding=\"async\" width=\"553\" height=\"367\" src=\"http:\/\/enduro-premium.com\/xinix\/wp-content\/uploads\/2023\/10\/surface250ml.jpg\" alt=\"\" class=\"wp-image-1534\" srcset=\"https:\/\/enduro-premium.com\/xinix\/wp-content\/uploads\/2023\/10\/surface250ml.jpg 553w, https:\/\/enduro-premium.com\/xinix\/wp-content\/uploads\/2023\/10\/surface250ml-300x199.jpg 300w\" sizes=\"auto, (max-width: 553px) 100vw, 553px\" \/><\/figure>\n\n\n\n<p>FreeBact\u00ae Surface &#8211; Caravane &#8211; Spray 250ml<\/p>\n\n\n\n<p>D\u00e9sinfection efficace et simple d&rsquo;utilisation pour tous types de surfaces de votre quotidien. <br>Parfait pour ceux qui poss\u00e8dent un camping-car, une caravane ou un bateau .<\/p>\n<\/div>\n<\/div>\n<\/div>\n\n\n\n<div class=\"wp-block-column is-layout-flow wp-block-column-is-layout-flow\" style=\"flex-basis:25%\"><\/div>\n<\/div>\n","protected":false},"excerpt":{"rendered":"<p>FreeBact\u00ae Surface est un produit qui permet une d\u00e9sinfection tr\u00e8s efficace et respectueuse de l&rsquo;environnement des mains et des surfaces. FreeBact\u00ae Surface est efficace contre tous les types de micro-organismes &#8230;<\/p>\n","protected":false},"author":1,"featured_media":1385,"parent":1382,"menu_order":2,"comment_status":"closed","ping_status":"closed","template":"template-fullwidth-stretched.php","meta":{"footnotes":""},"class_list":["post-1394","page","type-page","status-publish","has-post-thumbnail","hentry"],"_links":{"self":[{"href":"https:\/\/enduro-premium.com\/xinix\/index.php\/wp-json\/wp\/v2\/pages\/1394","targetHints":{"allow":["GET"]}}],"collection":[{"href":"https:\/\/enduro-premium.com\/xinix\/index.php\/wp-json\/wp\/v2\/pages"}],"about":[{"href":"https:\/\/enduro-premium.com\/xinix\/index.php\/wp-json\/wp\/v2\/types\/page"}],"author":[{"embeddable":true,"href":"https:\/\/enduro-premium.com\/xinix\/index.php\/wp-json\/wp\/v2\/users\/1"}],"replies":[{"embeddable":true,"href":"https:\/\/enduro-premium.com\/xinix\/index.php\/wp-json\/wp\/v2\/comments?post=1394"}],"version-history":[{"count":6,"href":"https:\/\/enduro-premium.com\/xinix\/index.php\/wp-json\/wp\/v2\/pages\/1394\/revisions"}],"predecessor-version":[{"id":1539,"href":"https:\/\/enduro-premium.com\/xinix\/index.php\/wp-json\/wp\/v2\/pages\/1394\/revisions\/1539"}],"up":[{"embeddable":true,"href":"https:\/\/enduro-premium.com\/xinix\/index.php\/wp-json\/wp\/v2\/pages\/1382"}],"wp:featuredmedia":[{"embeddable":true,"href":"https:\/\/enduro-premium.com\/xinix\/index.php\/wp-json\/wp\/v2\/media\/1385"}],"wp:attachment":[{"href":"https:\/\/enduro-premium.com\/xinix\/index.php\/wp-json\/wp\/v2\/media?parent=1394"}],"curies":[{"name":"wp","href":"https:\/\/api.w.org\/{rel}","templated":true}]}}