{"id":1390,"date":"2023-10-17T21:23:28","date_gmt":"2023-10-17T19:23:28","guid":{"rendered":"http:\/\/enduro-premium.com\/xinix\/?page_id=1390"},"modified":"2023-10-18T16:13:03","modified_gmt":"2023-10-18T14:13:03","slug":"freebact-water","status":"publish","type":"page","link":"https:\/\/enduro-premium.com\/xinix\/index.php\/produits\/freebact-water\/","title":{"rendered":"FreeBact\u00ae Water"},"content":{"rendered":"\n<div class=\"wp-block-cover is-light has-parallax has-x-large-font-size\" style=\"min-height:350px;aspect-ratio:unset;\"><span aria-hidden=\"true\" class=\"wp-block-cover__background has-black-background-color has-background-dim-20 has-background-dim\"><\/span><div role=\"img\" class=\"wp-block-cover__image-background wp-image-1386 has-parallax\" style=\"background-position:50% 50%;background-image:url(http:\/\/enduro-premium.com\/xinix\/wp-content\/uploads\/2023\/10\/headers-water-scaled.jpg)\"><\/div><div class=\"wp-block-cover__inner-container is-layout-constrained wp-block-cover-is-layout-constrained\">\n<p class=\"has-text-align-center has-white-color has-text-color has-x-large-font-size\"><strong>FreeBact\u00ae Water<\/strong><\/p>\n<\/div><\/div>\n\n\n\n<div style=\"height:50px\" aria-hidden=\"true\" class=\"wp-block-spacer\"><\/div>\n\n\n\n<div class=\"wp-block-columns is-layout-flex wp-container-core-columns-is-layout-9d6595d7 wp-block-columns-is-layout-flex\">\n<div class=\"wp-block-column is-layout-flow wp-block-column-is-layout-flow\" style=\"flex-basis:25%\"><\/div>\n\n\n\n<div class=\"wp-block-column is-layout-flow wp-block-column-is-layout-flow\" style=\"flex-basis:50%\">\n<p><strong>FreeBact\u00ae Water<\/strong> est une protection s\u00fbre contre les micro-organismes pathog\u00e8nes tels que les bact\u00e9ries et les virus dans l&rsquo;eau consid\u00e9r\u00e9e comme impropre \u00e0 la consommation. Peut \u00e9galement \u00eatre utilis\u00e9 pour la d\u00e9sinfection des fruits et autres.<\/p>\n\n\n\n<p><strong>FreeBact\u00ae Water<\/strong> doit toujours \u00eatre utilis\u00e9 dans de l&rsquo;eau suspect\u00e9e de contenir des micro-organismes&nbsp;; il inactivera efficacement les bact\u00e9ries, les virus, les algues, les fongus et les protozoaires.<\/p>\n\n\n\n<p><strong>FreeBact\u00ae Water <\/strong>n&rsquo;affecte pas l&rsquo;odeur ou le go\u00fbt de l&rsquo;eau et est d&rsquo;env. 5 fois plus efficace que les produits \u00e0 base de chlore. Nos produits ne forment pas de compos\u00e9s chlor\u00e9s\/trihalom\u00e9thanes li\u00e9s, comme le font les produits \u00e0 base de chlore (ceux-ci sont consid\u00e9r\u00e9s comme canc\u00e9rig\u00e8nes).<\/p>\n\n\n\n<p><strong>FreeBact\u00ae Water <\/strong>est une solution de dioxyde de chlore liquide stabilis\u00e9e &#8211; disponible \u00e0 la fois sous forme une solution pr\u00eate \u00e0 l&#8217;emploi (1-K) et sous forme de produit \u00e0 deux composants (2-K).<\/p>\n\n\n\n<p><em>Le produit est actif tant qu&rsquo;il est jaune.<\/em><\/p>\n\n\n\n<div style=\"height:20px\" aria-hidden=\"true\" class=\"wp-block-spacer\"><\/div>\n\n\n\n<div class=\"wp-block-columns is-layout-flex wp-container-core-columns-is-layout-9d6595d7 wp-block-columns-is-layout-flex\">\n<div class=\"wp-block-column is-layout-flow wp-block-column-is-layout-flow\">\n<figure class=\"wp-block-image size-full\"><img loading=\"lazy\" decoding=\"async\" width=\"553\" height=\"367\" src=\"http:\/\/enduro-premium.com\/xinix\/wp-content\/uploads\/2023\/10\/water-drink.jpg\" alt=\"\" class=\"wp-image-1527\" srcset=\"https:\/\/enduro-premium.com\/xinix\/wp-content\/uploads\/2023\/10\/water-drink.jpg 553w, https:\/\/enduro-premium.com\/xinix\/wp-content\/uploads\/2023\/10\/water-drink-300x199.jpg 300w\" sizes=\"auto, (max-width: 553px) 100vw, 553px\" \/><\/figure>\n\n\n\n<p>FreeBact\u00ae Water &#8211; Boisson &#8211; 50 ml &#8211; Jusqu&rsquo;\u00e0 50l d&rsquo;eau purifi\u00e9e<\/p>\n\n\n\n<p>Parfait \u00e0 avoir dans votre sac et votre sac \u2013 mettez 1 \u00e0 2 gouttes dans le verre\/tasse\/tasse avec de l&rsquo;eau dont vous n&rsquo;\u00eates pas s\u00fbr de l&rsquo;eau du robinet, ou par exemple d&rsquo;un ruisseau.<\/p>\n<\/div>\n\n\n\n<div class=\"wp-block-column is-layout-flow wp-block-column-is-layout-flow\">\n<figure class=\"wp-block-image size-full\"><img loading=\"lazy\" decoding=\"async\" width=\"553\" height=\"367\" src=\"http:\/\/enduro-premium.com\/xinix\/wp-content\/uploads\/2023\/10\/water-cravan.jpg\" alt=\"\" class=\"wp-image-1529\" srcset=\"https:\/\/enduro-premium.com\/xinix\/wp-content\/uploads\/2023\/10\/water-cravan.jpg 553w, https:\/\/enduro-premium.com\/xinix\/wp-content\/uploads\/2023\/10\/water-cravan-300x199.jpg 300w\" sizes=\"auto, (max-width: 553px) 100vw, 553px\" \/><\/figure>\n\n\n\n<p>FreeBact\u00ae Water &#8211; Caravane &#8211; 2 x 4ml  &#8211; R\u00e9servoir de 50 \u00e0 250l<\/p>\n\n\n\n<p>Parfait pour ceux qui poss\u00e8dent un camping-car, une caravane ou un bateau \u2013 et tous types de r\u00e9servoirs d&rsquo;eau.<\/p>\n<\/div>\n<\/div>\n\n\n\n<div class=\"wp-block-columns is-layout-flex wp-container-core-columns-is-layout-9d6595d7 wp-block-columns-is-layout-flex\">\n<div class=\"wp-block-column is-layout-flow wp-block-column-is-layout-flow\">\n<figure class=\"wp-block-image size-full\"><img loading=\"lazy\" decoding=\"async\" width=\"553\" height=\"367\" src=\"http:\/\/enduro-premium.com\/xinix\/wp-content\/uploads\/2023\/10\/water-cravan.jpg\" alt=\"\" class=\"wp-image-1529\" srcset=\"https:\/\/enduro-premium.com\/xinix\/wp-content\/uploads\/2023\/10\/water-cravan.jpg 553w, https:\/\/enduro-premium.com\/xinix\/wp-content\/uploads\/2023\/10\/water-cravan-300x199.jpg 300w\" sizes=\"auto, (max-width: 553px) 100vw, 553px\" \/><\/figure>\n\n\n\n<p>FreeBact\u00ae Water &#8211; Caravane &#8211; 2 x 8ml  &#8211; R\u00e9servoir de 250 \u00e0 500l<\/p>\n\n\n\n<p>Parfait pour ceux qui poss\u00e8dent un camping-car, une caravane ou un bateau \u2013 et tous types de r\u00e9servoirs d&rsquo;eau.<\/p>\n<\/div>\n\n\n\n<div class=\"wp-block-column is-layout-flow wp-block-column-is-layout-flow\">\n<figure class=\"wp-block-image size-full\"><img loading=\"lazy\" decoding=\"async\" width=\"553\" height=\"367\" src=\"http:\/\/enduro-premium.com\/xinix\/wp-content\/uploads\/2023\/10\/water-cravan.jpg\" alt=\"\" class=\"wp-image-1529\" srcset=\"https:\/\/enduro-premium.com\/xinix\/wp-content\/uploads\/2023\/10\/water-cravan.jpg 553w, https:\/\/enduro-premium.com\/xinix\/wp-content\/uploads\/2023\/10\/water-cravan-300x199.jpg 300w\" sizes=\"auto, (max-width: 553px) 100vw, 553px\" \/><\/figure>\n\n\n\n<p>FreeBact\u00ae Water &#8211; Caravane &#8211; 2 x 16ml  &#8211; R\u00e9servoir jusqu&rsquo;\u00e0 1000l<\/p>\n\n\n\n<p>Parfait pour ceux qui poss\u00e8dent un camping-car, une caravane ou un bateau \u2013 et tous types de r\u00e9servoirs d&rsquo;eau.<\/p>\n<\/div>\n<\/div>\n<\/div>\n\n\n\n<div class=\"wp-block-column is-layout-flow wp-block-column-is-layout-flow\" style=\"flex-basis:25%\"><\/div>\n<\/div>\n","protected":false},"excerpt":{"rendered":"<p>FreeBact\u00ae Water est une protection s\u00fbre contre les micro-organismes pathog\u00e8nes tels que les bact\u00e9ries et les virus dans l&rsquo;eau consid\u00e9r\u00e9e comme impropre \u00e0 la consommation. Peut \u00e9galement \u00eatre utilis\u00e9 pour &#8230;<\/p>\n","protected":false},"author":1,"featured_media":1386,"parent":1382,"menu_order":1,"comment_status":"closed","ping_status":"closed","template":"template-fullwidth-stretched.php","meta":{"footnotes":""},"class_list":["post-1390","page","type-page","status-publish","has-post-thumbnail","hentry"],"_links":{"self":[{"href":"https:\/\/enduro-premium.com\/xinix\/index.php\/wp-json\/wp\/v2\/pages\/1390","targetHints":{"allow":["GET"]}}],"collection":[{"href":"https:\/\/enduro-premium.com\/xinix\/index.php\/wp-json\/wp\/v2\/pages"}],"about":[{"href":"https:\/\/enduro-premium.com\/xinix\/index.php\/wp-json\/wp\/v2\/types\/page"}],"author":[{"embeddable":true,"href":"https:\/\/enduro-premium.com\/xinix\/index.php\/wp-json\/wp\/v2\/users\/1"}],"replies":[{"embeddable":true,"href":"https:\/\/enduro-premium.com\/xinix\/index.php\/wp-json\/wp\/v2\/comments?post=1390"}],"version-history":[{"count":6,"href":"https:\/\/enduro-premium.com\/xinix\/index.php\/wp-json\/wp\/v2\/pages\/1390\/revisions"}],"predecessor-version":[{"id":1536,"href":"https:\/\/enduro-premium.com\/xinix\/index.php\/wp-json\/wp\/v2\/pages\/1390\/revisions\/1536"}],"up":[{"embeddable":true,"href":"https:\/\/enduro-premium.com\/xinix\/index.php\/wp-json\/wp\/v2\/pages\/1382"}],"wp:featuredmedia":[{"embeddable":true,"href":"https:\/\/enduro-premium.com\/xinix\/index.php\/wp-json\/wp\/v2\/media\/1386"}],"wp:attachment":[{"href":"https:\/\/enduro-premium.com\/xinix\/index.php\/wp-json\/wp\/v2\/media?parent=1390"}],"curies":[{"name":"wp","href":"https:\/\/api.w.org\/{rel}","templated":true}]}}