{"id":1382,"date":"2023-10-17T21:18:56","date_gmt":"2023-10-17T19:18:56","guid":{"rendered":"http:\/\/enduro-premium.com\/xinix\/?page_id=1382"},"modified":"2023-11-16T18:43:42","modified_gmt":"2023-11-16T17:43:42","slug":"produits","status":"publish","type":"page","link":"https:\/\/enduro-premium.com\/xinix\/index.php\/produits\/","title":{"rendered":"Produits"},"content":{"rendered":"\n<div class=\"wp-block-cover has-parallax has-x-large-font-size\" style=\"min-height:350px;aspect-ratio:unset;\"><span aria-hidden=\"true\" class=\"wp-block-cover__background has-black-background-color has-background-dim-20 has-background-dim\"><\/span><div role=\"img\" class=\"wp-block-cover__image-background wp-image-1384 has-parallax\" style=\"background-position:50% 50%;background-image:url(http:\/\/enduro-premium.com\/xinix\/wp-content\/uploads\/2023\/10\/headers-produits-scaled.jpg)\"><\/div><div class=\"wp-block-cover__inner-container is-layout-constrained wp-block-cover-is-layout-constrained\">\n<p class=\"has-text-align-center has-white-color has-text-color has-x-large-font-size\"><strong>PRODUITS<\/strong><\/p>\n<\/div><\/div>\n\n\n\n<div style=\"height:50px\" aria-hidden=\"true\" class=\"wp-block-spacer\"><\/div>\n\n\n\n<div class=\"wp-block-columns is-layout-flex wp-container-core-columns-is-layout-9d6595d7 wp-block-columns-is-layout-flex\">\n<div class=\"wp-block-column is-layout-flow wp-block-column-is-layout-flow\" style=\"flex-basis:25%\"><\/div>\n\n\n\n<div class=\"wp-block-column is-layout-flow wp-block-column-is-layout-flow\" style=\"flex-basis:50%\">\n<h3 class=\"wp-block-heading has-text-align-center has-black-color has-text-color has-medium-font-size\" style=\"font-style:normal;font-weight:300\">Nos deux s\u00e9ries couvrent tous les besoins en mati\u00e8re de d\u00e9sinfection : <br>tous les types de surfaces ainsi que l\u2019eau potable et l\u2019eau de baignade.<\/h3>\n\n\n\n<div style=\"height:20px\" aria-hidden=\"true\" class=\"wp-block-spacer\"><\/div>\n<\/div>\n\n\n\n<div class=\"wp-block-column is-layout-flow wp-block-column-is-layout-flow\" style=\"flex-basis:25%\"><\/div>\n<\/div>\n\n\n\n<div class=\"wp-block-columns is-layout-flex wp-container-core-columns-is-layout-9d6595d7 wp-block-columns-is-layout-flex\">\n<div class=\"wp-block-column is-layout-flow wp-block-column-is-layout-flow\" style=\"flex-basis:25%\"><\/div>\n\n\n\n<div class=\"wp-block-column is-layout-flow wp-block-column-is-layout-flow\" style=\"flex-basis:25%\"><div class=\"wp-block-image\">\n<figure class=\"aligncenter size-full\"><a href=\"http:\/\/enduro-premium.com\/xinix\/index.php\/produits\/freebact-water\/\"><img loading=\"lazy\" decoding=\"async\" width=\"105\" height=\"96\" src=\"http:\/\/enduro-premium.com\/xinix\/wp-content\/uploads\/2023\/10\/logos-produits-water.png\" alt=\"\" class=\"wp-image-1257\"\/><\/a><\/figure>\n<\/div>\n\n\n<div style=\"height:10px\" aria-hidden=\"true\" class=\"wp-block-spacer\"><\/div>\n\n\n\n<h3 class=\"wp-block-heading has-text-align-center has-black-color has-text-color\"><a href=\"http:\/\/enduro-premium.com\/xinix\/index.php\/produits\/freebact-water\/?customize_changeset_uuid=8a1b2d53-2b22-41ac-832e-ed4532ab3a74&amp;customize_autosaved=on&amp;customize_messenger_channel=preview-0\">XINIX FreeBact\u00ae Water<\/a><\/h3>\n\n\n\n<p class=\"has-text-align-center\"><strong>FreeBact\u00ae Water<\/strong> est une protection s\u00fbre contre les micro-organismes pathog\u00e8nes tels que les bact\u00e9ries et les virus dans l\u2019eau consid\u00e9r\u00e9e comme impropre \u00e0 la consommation.<\/p>\n<\/div>\n\n\n\n<div class=\"wp-block-column is-layout-flow wp-block-column-is-layout-flow\" style=\"flex-basis:25%\"><div class=\"wp-block-image\">\n<figure class=\"aligncenter size-full\"><a href=\"http:\/\/enduro-premium.com\/xinix\/index.php\/produits\/freebact-surface\/\"><img loading=\"lazy\" decoding=\"async\" width=\"105\" height=\"96\" src=\"http:\/\/enduro-premium.com\/xinix\/wp-content\/uploads\/2023\/10\/logos-produits-surface.png\" alt=\"\" class=\"wp-image-1256\"\/><\/a><\/figure>\n<\/div>\n\n\n<div style=\"height:10px\" aria-hidden=\"true\" class=\"wp-block-spacer\"><\/div>\n\n\n\n<h3 class=\"wp-block-heading has-text-align-center has-black-color has-text-color\"><a href=\"http:\/\/enduro-premium.com\/xinix\/index.php\/produits\/freebact-surface\/?customize_changeset_uuid=8a1b2d53-2b22-41ac-832e-ed4532ab3a74&amp;customize_autosaved=on&amp;customize_messenger_channel=preview-0\">XINIX FreeBact\u00ae Surface<\/a><\/h3>\n\n\n\n<p class=\"has-text-align-center\"><strong>FreeBact\u00ae Surface<\/strong> est un produit qui permet une d\u00e9sinfection tr\u00e8s efficace et respectueuse de l\u2019environnement des mains et des surfaces.<\/p>\n<\/div>\n\n\n\n<div class=\"wp-block-column is-layout-flow wp-block-column-is-layout-flow\" style=\"flex-basis:25%\"><\/div>\n<\/div>\n","protected":false},"excerpt":{"rendered":"<p>Nos deux s\u00e9ries couvrent tous les besoins en mati\u00e8re de d\u00e9sinfection : tous les types de surfaces ainsi que l\u2019eau potable et l\u2019eau de baignade. XINIX FreeBact\u00ae Water FreeBact\u00ae Water &#8230;<\/p>\n","protected":false},"author":1,"featured_media":1384,"parent":0,"menu_order":0,"comment_status":"closed","ping_status":"closed","template":"template-fullwidth-stretched.php","meta":{"footnotes":""},"class_list":["post-1382","page","type-page","status-publish","has-post-thumbnail","hentry"],"_links":{"self":[{"href":"https:\/\/enduro-premium.com\/xinix\/index.php\/wp-json\/wp\/v2\/pages\/1382","targetHints":{"allow":["GET"]}}],"collection":[{"href":"https:\/\/enduro-premium.com\/xinix\/index.php\/wp-json\/wp\/v2\/pages"}],"about":[{"href":"https:\/\/enduro-premium.com\/xinix\/index.php\/wp-json\/wp\/v2\/types\/page"}],"author":[{"embeddable":true,"href":"https:\/\/enduro-premium.com\/xinix\/index.php\/wp-json\/wp\/v2\/users\/1"}],"replies":[{"embeddable":true,"href":"https:\/\/enduro-premium.com\/xinix\/index.php\/wp-json\/wp\/v2\/comments?post=1382"}],"version-history":[{"count":29,"href":"https:\/\/enduro-premium.com\/xinix\/index.php\/wp-json\/wp\/v2\/pages\/1382\/revisions"}],"predecessor-version":[{"id":1661,"href":"https:\/\/enduro-premium.com\/xinix\/index.php\/wp-json\/wp\/v2\/pages\/1382\/revisions\/1661"}],"wp:featuredmedia":[{"embeddable":true,"href":"https:\/\/enduro-premium.com\/xinix\/index.php\/wp-json\/wp\/v2\/media\/1384"}],"wp:attachment":[{"href":"https:\/\/enduro-premium.com\/xinix\/index.php\/wp-json\/wp\/v2\/media?parent=1382"}],"curies":[{"name":"wp","href":"https:\/\/api.w.org\/{rel}","templated":true}]}}