{"id":1373,"date":"2023-10-17T21:04:17","date_gmt":"2023-10-17T19:04:17","guid":{"rendered":"http:\/\/enduro-premium.com\/xinix\/?page_id=1373"},"modified":"2023-10-18T14:26:21","modified_gmt":"2023-10-18T12:26:21","slug":"tests","status":"publish","type":"page","link":"https:\/\/enduro-premium.com\/xinix\/index.php\/about\/tests\/","title":{"rendered":"Tests"},"content":{"rendered":"\n<div class=\"wp-block-cover has-parallax has-x-large-font-size\" style=\"min-height:350px;aspect-ratio:unset;\"><span aria-hidden=\"true\" class=\"wp-block-cover__background has-black-background-color has-background-dim-20 has-background-dim\"><\/span><div role=\"img\" class=\"wp-block-cover__image-background wp-image-1358 has-parallax\" style=\"background-position:50% 50%;background-image:url(http:\/\/enduro-premium.com\/xinix\/wp-content\/uploads\/2023\/10\/headers-tests-scaled.jpg)\"><\/div><div class=\"wp-block-cover__inner-container is-layout-constrained wp-block-cover-is-layout-constrained\">\n<p class=\"has-text-align-center has-white-color has-text-color has-x-large-font-size\"><strong>TESTS<\/strong> &amp; certificats<\/p>\n<\/div><\/div>\n\n\n\n<div style=\"height:50px\" aria-hidden=\"true\" class=\"wp-block-spacer\"><\/div>\n\n\n\n<div class=\"wp-block-columns is-layout-flex wp-container-core-columns-is-layout-9d6595d7 wp-block-columns-is-layout-flex\">\n<div class=\"wp-block-column is-layout-flow wp-block-column-is-layout-flow\" style=\"flex-basis:25%\"><\/div>\n\n\n\n<div class=\"wp-block-column is-layout-flow wp-block-column-is-layout-flow\" style=\"flex-basis:50%\">\n<p class=\"has-black-color has-text-color\"><strong><strong>XINIX compte plus de 40\u00a0\u00e9tudes et tests scientifiques provenant d&rsquo;universit\u00e9s et de laboratoires de renomm\u00e9e mondiale tels que Clancy, Johns Hopkins, la London Medical School, l&rsquo;Universit\u00e9 de Singapour, l&rsquo;Universit\u00e9 d&rsquo;\u00c9tat du Michigan, etc.<\/strong><\/strong><\/p>\n\n\n\n<p>6e normes EN*.<\/p>\n\n\n\n<p>Une m\u00e9thode de d\u00e9sinfection s\u00fbre pour \u00e9liminer les bact\u00e9ries sporul\u00e9es.<\/p>\n\n\n\n<p>Certifications ISO actuelles et autres tests EN.<\/p>\n\n\n\n<p><em>* EN = Europ\u00e9en les normes sont l&rsquo;expression d&rsquo;exigences pour les produits, les processus ou les services afin de r\u00e9pondre \u00e0 l&rsquo;exigence d&rsquo;ad\u00e9quation \u00e0 un usage particulier, <\/em><a rel=\"noreferrer noopener\" href=\"https:\/\/www.en-standard.eu\/\" target=\"_blank\"><em>en savoir plus ici<\/em><\/a><em>.<\/em><\/p>\n\n\n\n<div style=\"height:20px\" aria-hidden=\"true\" class=\"wp-block-spacer\"><\/div>\n\n\n\n<h3 class=\"wp-block-heading alignwide\" style=\"text-transform:uppercase\">Essais officiels<\/h3>\n\n\n\n<p>1981 <strong>Test de stabilit\u00e9<\/strong><em>\u2013 Water Laboratory, Su\u00e8de<br><\/em>1989 <strong>Escheria Coli&nbsp;<\/strong><em>\u2013&nbsp;SBL Statens Bacteriologiska Labb, Su\u00e8de<br>1992 <strong>Escheria Coli&nbsp;<\/strong><em>\u2013 Universit\u00e9 de G\u00f6teborg, Su\u00e8de<br><\/em>1993 <strong>Test de corrosion<\/strong><em>\u2013&nbsp;Scientific Material Int \u0301l, Inc, \u00c9tats-Unis<br>1994 <strong>Bact\u00e9rie E-Coli et autres&nbsp;<\/strong>\u2013&nbsp;Universit\u00e9 de Singapour<br>1994 <strong>Hygi\u00e8ne buccale<\/strong>\u2013&nbsp;\u00c9cole dentaire du London Hospital Medical College<br>1994 <strong>Hygi\u00e8ne buccale<\/strong>\u2013&nbsp;King \u0301s College School of Medicine &amp; Dentistry, Londres<br>1996 <strong>Analyse des r\u00e9sidus&nbsp;<\/strong>\u2013&nbsp;KM Lab AB, Su\u00e8de<br>1996 <strong>Approbation du produit&nbsp;<\/strong>\u2013&nbsp;Institut national d&rsquo;hygi\u00e8ne, Pologne<br>1996 <strong>Test de stabilit\u00e9&nbsp;<\/strong>\u2013&nbsp;KM Lab AB, Halmstad, Su\u00e8de<br>1998 <strong>D\u00e9sinfection de l&rsquo;eau<\/strong>\u2013 The Water Programme, Environementek, CSIR, Kenya<br>1999 <strong>Halitose (mauvaise haleine)<\/strong> \u2013 L&rsquo;odontologue, Universit\u00e9 de G\u00f6teborg, Su\u00e8de<br>1999 <strong>Effet inhibiteur de la carie&nbsp;<\/strong>\u2013 L&rsquo;odontologiste, Universit\u00e9 de G\u00f6teborg, Su\u00e8de<br>2000 <strong>Bact\u00e9rie E-Coli et autres &#8211; <\/strong>Johns Hopkins, Universit\u00e9 de Boston, \u00c9tats-Unis<br>2000 <strong>Vibrio Cholerae&nbsp;<\/strong>\u2013 Universit\u00e9 Johns Hopkins P\u00e9rou<br>2000 <strong>Salmonella thypi<\/strong>\u2013&nbsp;Universit\u00e9 Johns Hopkins P\u00e9rou<br>2000 <strong>Shigella sonei<\/strong>\u2013&nbsp;Universit\u00e9 Johns Hopkins P\u00e9rou<br>2000 <strong>Mycobacterium tuberculosis<\/strong>\u2013&nbsp;Universit\u00e9 Johns Hopkins P\u00e9rou<br>2000 <strong>Giardia lambilia<\/strong>\u2013&nbsp;Universit\u00e9 Johns Hopkins P\u00e9rou<br>2000 <strong>Esherichia Coli<\/strong>\u2013&nbsp;Universit\u00e9 Johns Hopkins Peruana<br>2001 <strong>Abacillus subtilis, spores&nbsp;<\/strong>\u2013&nbsp;SIK, Institute for Food and Biotechnology, Su\u00e8de2001 <strong>Virus de la poliomy\u00e9lite<\/strong>\u2013&nbsp;Clancy Environmental Consultants<br>2001 <strong>Roravirus W.a<\/strong>\u2013&nbsp;Clancy Environmental Consultants<br>2001 <strong>Klebsiella Terrigena<\/strong>\u2013&nbsp;Clancy Environmental Consultants<br>2001 <strong>Virus de la poliomy\u00e9lite<\/strong>-Wisconsin State Laboratory of Hygiene, \u00c9tats-Unis<br>20 02 <strong>Giardia, kystes de Cryprosporidium&nbsp;<\/strong>\u2013&nbsp;Smittskyddsinstitutet, Su\u00e8de<br>2005 <strong>Tension superficielle lors de&nbsp;la&nbsp;d\u00e9sinfection de surface&nbsp;<\/strong>\u2013&nbsp;Examen au microscope \u00e9lectronique, Su\u00e8de<br>2006 <strong>Protection des cabinets dentaires<\/strong>&nbsp;\u2013&nbsp;Chirurgie dentaire, Pittsburg, \u00c9tats-Unis<br>2006 <strong>D\u00e9sinfection de l&rsquo;eau<\/strong>&nbsp;\u2013&nbsp;USACHPPM, \u00c9tats-Unis<br>2007 <strong>Bact\u00e9ries sporul\u00e9es<\/strong>&nbsp;\u2013&nbsp;Batelle Memorila Institute, \u00c9tats-Unis<br>2008 <strong>Bact\u00e9rie E-Coli, eau contamin\u00e9e<\/strong>&nbsp;\u2013&nbsp;Smittskyddsinstitutet, Su\u00e8de 2008 <strong>Bact\u00e9ries sporul\u00e9es<\/strong>,&nbsp;US\u00d6, H\u00f4pital universitaire d&rsquo;\u00d6rebro, Su\u00e8de<br><strong>Clostridium difficele<\/strong><br>2009 <strong>Formation de spores bact\u00e9ries, \u2013 <\/strong>US\u00d6, H\u00f4pital universitaire d&rsquo;\u00d6rebro, Su\u00e8de<br><strong>Clostridium difficile, surface<\/strong><br>2010 <strong>Clostridium difficile au-dessus + peau<\/strong>&nbsp;\u2013&nbsp;US\u00d6, H\u00f4pital universitaire d&rsquo;\u00d6rebro, Su\u00e8de<br>2010 <strong>D\u00e9sinfectant pour les mains<\/strong>&nbsp;\u2013&nbsp;MICAN Lab, M\u00f6lnlycke, Su\u00e8de<br>2016 <strong>D\u00e9sinfection de l&rsquo;eau&nbsp;\u2013&nbsp;<\/strong>KEBS, Bureau du Kenya o f Standards, Kenya<br>2016 <strong>D\u00e9sinfection de l&rsquo;eau<\/strong>&nbsp;\u2013&nbsp;ONEP, Abidjan<br>2018 <strong>Virus, tous types Polio, Adeno, Noro. EN 14476&nbsp;<\/strong>&nbsp;\u2013&nbsp;Hygiene Nord GmbH, Allemagne<br>2018 <strong>Bact\u00e9rie Enterococcus. EN 13727<\/strong>&nbsp;\u2013&nbsp;Hygiene Nord GmbH, Allemagne<br>2018 <strong>Bact\u00e9rie Staphylococcus. EN 13727<\/strong>&nbsp;\u2013&nbsp;Hygiene Nord GmbH, Allemagne<br>2018 <strong>Bact\u00e9rie Pseudomonas. EN 13727<\/strong>&nbsp;\u2013&nbsp;Hygiene Nord GmbH, Allemagne<br>2018 <strong>Levure\/fongus Aspergillus. EN 13624<\/strong>&nbsp;\u2013&nbsp;Hygiene Nord GmbH, Allemagne<br>2018 <strong>Levures\/fongus Candida. EN 13624&nbsp;<\/strong>\u2013&nbsp;Hygiene Nord GmbH, Allemagne<br>2018 <strong>Production de spores Bacillus Subtilis. EN 13704<\/strong>&#8211; Hygiene Nord GmbH, Allemagne<\/em><\/em><\/p>\n<\/div>\n\n\n\n<div class=\"wp-block-column is-layout-flow wp-block-column-is-layout-flow\" style=\"flex-basis:25%\"><\/div>\n<\/div>\n","protected":false},"excerpt":{"rendered":"<p>XINIX compte plus de 40\u00a0\u00e9tudes et tests scientifiques provenant d&rsquo;universit\u00e9s et de laboratoires de renomm\u00e9e mondiale tels que Clancy, Johns Hopkins, la London Medical School, l&rsquo;Universit\u00e9 de Singapour, l&rsquo;Universit\u00e9 d&rsquo;\u00c9tat &#8230;<\/p>\n","protected":false},"author":1,"featured_media":1358,"parent":1313,"menu_order":3,"comment_status":"closed","ping_status":"closed","template":"template-fullwidth-stretched.php","meta":{"footnotes":""},"class_list":["post-1373","page","type-page","status-publish","has-post-thumbnail","hentry"],"_links":{"self":[{"href":"https:\/\/enduro-premium.com\/xinix\/index.php\/wp-json\/wp\/v2\/pages\/1373","targetHints":{"allow":["GET"]}}],"collection":[{"href":"https:\/\/enduro-premium.com\/xinix\/index.php\/wp-json\/wp\/v2\/pages"}],"about":[{"href":"https:\/\/enduro-premium.com\/xinix\/index.php\/wp-json\/wp\/v2\/types\/page"}],"author":[{"embeddable":true,"href":"https:\/\/enduro-premium.com\/xinix\/index.php\/wp-json\/wp\/v2\/users\/1"}],"replies":[{"embeddable":true,"href":"https:\/\/enduro-premium.com\/xinix\/index.php\/wp-json\/wp\/v2\/comments?post=1373"}],"version-history":[{"count":8,"href":"https:\/\/enduro-premium.com\/xinix\/index.php\/wp-json\/wp\/v2\/pages\/1373\/revisions"}],"predecessor-version":[{"id":1479,"href":"https:\/\/enduro-premium.com\/xinix\/index.php\/wp-json\/wp\/v2\/pages\/1373\/revisions\/1479"}],"up":[{"embeddable":true,"href":"https:\/\/enduro-premium.com\/xinix\/index.php\/wp-json\/wp\/v2\/pages\/1313"}],"wp:featuredmedia":[{"embeddable":true,"href":"https:\/\/enduro-premium.com\/xinix\/index.php\/wp-json\/wp\/v2\/media\/1358"}],"wp:attachment":[{"href":"https:\/\/enduro-premium.com\/xinix\/index.php\/wp-json\/wp\/v2\/media?parent=1373"}],"curies":[{"name":"wp","href":"https:\/\/api.w.org\/{rel}","templated":true}]}}