{"id":1313,"date":"2023-10-17T17:46:08","date_gmt":"2023-10-17T15:46:08","guid":{"rendered":"http:\/\/enduro-premium.com\/xinix\/?page_id=1313"},"modified":"2023-10-17T21:57:39","modified_gmt":"2023-10-17T19:57:39","slug":"about","status":"publish","type":"page","link":"https:\/\/enduro-premium.com\/xinix\/index.php\/about\/","title":{"rendered":"About"},"content":{"rendered":"\n<div class=\"wp-block-cover is-light has-parallax has-x-large-font-size\" style=\"min-height:350px;aspect-ratio:unset;\"><span aria-hidden=\"true\" class=\"wp-block-cover__background has-black-background-color has-background-dim-20 has-background-dim\"><\/span><div role=\"img\" class=\"wp-block-cover__image-background wp-image-1353 has-parallax\" style=\"background-position:50% 50%;background-image:url(http:\/\/enduro-premium.com\/xinix\/wp-content\/uploads\/2023\/10\/headers-apropos-scaled.jpg)\"><\/div><div class=\"wp-block-cover__inner-container is-layout-constrained wp-block-cover-is-layout-constrained\">\n<p class=\"has-text-align-center has-white-color has-text-color has-x-large-font-size\"><strong>A PROPOS<\/strong><\/p>\n<\/div><\/div>\n\n\n\n<div style=\"height:50px\" aria-hidden=\"true\" class=\"wp-block-spacer\"><\/div>\n\n\n\n<div class=\"wp-block-columns is-layout-flex wp-container-core-columns-is-layout-9d6595d7 wp-block-columns-is-layout-flex\">\n<div class=\"wp-block-column is-layout-flow wp-block-column-is-layout-flow\"><\/div>\n\n\n\n<div class=\"wp-block-column is-layout-flow wp-block-column-is-layout-flow\">\n<figure class=\"wp-block-image size-full\"><a href=\"http:\/\/enduro-premium.com\/xinix\/index.php\/about\/our-history\/\"><img loading=\"lazy\" decoding=\"async\" width=\"379\" height=\"239\" src=\"http:\/\/enduro-premium.com\/xinix\/wp-content\/uploads\/2023\/10\/vignettes-histoire-2.jpg\" alt=\"\" class=\"wp-image-1361\" srcset=\"https:\/\/enduro-premium.com\/xinix\/wp-content\/uploads\/2023\/10\/vignettes-histoire-2.jpg 379w, https:\/\/enduro-premium.com\/xinix\/wp-content\/uploads\/2023\/10\/vignettes-histoire-2-300x189.jpg 300w\" sizes=\"auto, (max-width: 379px) 100vw, 379px\" \/><\/a><\/figure>\n\n\n\n<div style=\"height:15px\" aria-hidden=\"true\" class=\"wp-block-spacer\"><\/div>\n\n\n\n<h3 class=\"wp-block-heading\"><a href=\"http:\/\/enduro-premium.com\/xinix\/index.php\/about\/our-history\/\" data-type=\"page\" data-id=\"17\">Histoire<\/a><\/h3>\n\n\n\n<p>1992 | Comment \u00e7a a commenc\u00e9 L\u2019entreprise XiniX AB a \u00e9t\u00e9 cr\u00e9\u00e9e par le p\u00e8re de l\u2019actuel PDG Peter Homberg, G\u00f6ran Holmberg, il y a pr\u00e8s de 30 ans. G\u00f6ran a \u2026<\/p>\n<\/div>\n\n\n\n<div class=\"wp-block-column is-layout-flow wp-block-column-is-layout-flow\">\n<figure class=\"wp-block-image size-full\"><a href=\"http:\/\/enduro-premium.com\/xinix\/index.php\/about\/comparaison\/\"><img loading=\"lazy\" decoding=\"async\" width=\"379\" height=\"239\" src=\"http:\/\/enduro-premium.com\/xinix\/wp-content\/uploads\/2023\/10\/vignettes-clients.jpg\" alt=\"\" class=\"wp-image-1360\" srcset=\"https:\/\/enduro-premium.com\/xinix\/wp-content\/uploads\/2023\/10\/vignettes-clients.jpg 379w, https:\/\/enduro-premium.com\/xinix\/wp-content\/uploads\/2023\/10\/vignettes-clients-300x189.jpg 300w\" sizes=\"auto, (max-width: 379px) 100vw, 379px\" \/><\/a><\/figure>\n\n\n\n<div style=\"height:15px\" aria-hidden=\"true\" class=\"wp-block-spacer\"><\/div>\n\n\n\n<h3 class=\"wp-block-heading\"><a href=\"http:\/\/enduro-premium.com\/xinix\/index.php\/about\/comparaison\/\" data-type=\"page\" data-id=\"1366\">Comparaison<\/a><\/h3>\n\n\n\n<p>1992 | Comment \u00e7a a commenc\u00e9 L\u2019entreprise XiniX AB a \u00e9t\u00e9 cr\u00e9\u00e9e par le p\u00e8re de l\u2019actuel PDG Peter Homberg, G\u00f6ran Holmberg, il y a pr\u00e8s de 30 ans. G\u00f6ran a \u2026<\/p>\n<\/div>\n\n\n\n<div class=\"wp-block-column is-layout-flow wp-block-column-is-layout-flow\">\n<figure class=\"wp-block-image size-full\"><a href=\"http:\/\/enduro-premium.com\/xinix\/index.php\/about\/tests\/\"><img loading=\"lazy\" decoding=\"async\" width=\"379\" height=\"239\" src=\"http:\/\/enduro-premium.com\/xinix\/wp-content\/uploads\/2023\/10\/vignettes.jpg\" alt=\"\" class=\"wp-image-1359\" srcset=\"https:\/\/enduro-premium.com\/xinix\/wp-content\/uploads\/2023\/10\/vignettes.jpg 379w, https:\/\/enduro-premium.com\/xinix\/wp-content\/uploads\/2023\/10\/vignettes-300x189.jpg 300w\" sizes=\"auto, (max-width: 379px) 100vw, 379px\" \/><\/a><\/figure>\n\n\n\n<div style=\"height:15px\" aria-hidden=\"true\" class=\"wp-block-spacer\"><\/div>\n\n\n\n<h3 class=\"wp-block-heading\"><a href=\"http:\/\/enduro-premium.com\/xinix\/index.php\/about\/tests\/\" data-type=\"page\" data-id=\"1373\">Tests<\/a><\/h3>\n\n\n\n<p>1992 | Comment \u00e7a a commenc\u00e9 L\u2019entreprise XiniX AB a \u00e9t\u00e9 cr\u00e9\u00e9e par le p\u00e8re de l\u2019actuel PDG Peter Homberg, G\u00f6ran Holmberg, il y a pr\u00e8s de 30 ans. G\u00f6ran a \u2026<\/p>\n<\/div>\n\n\n\n<div class=\"wp-block-column is-layout-flow wp-block-column-is-layout-flow\"><\/div>\n<\/div>\n","protected":false},"excerpt":{"rendered":"<p><a href=\"http:\/\/enduro-premium.com\/xinix\/index.php\/about\/our-history\/\" data-type=\"page\" data-id=\"17\">Histoire<\/a><\/p>\n","protected":false},"author":1,"featured_media":1353,"parent":0,"menu_order":0,"comment_status":"closed","ping_status":"closed","template":"template-fullwidth-stretched.php","meta":{"footnotes":""},"class_list":["post-1313","page","type-page","status-publish","has-post-thumbnail","hentry"],"_links":{"self":[{"href":"https:\/\/enduro-premium.com\/xinix\/index.php\/wp-json\/wp\/v2\/pages\/1313","targetHints":{"allow":["GET"]}}],"collection":[{"href":"https:\/\/enduro-premium.com\/xinix\/index.php\/wp-json\/wp\/v2\/pages"}],"about":[{"href":"https:\/\/enduro-premium.com\/xinix\/index.php\/wp-json\/wp\/v2\/types\/page"}],"author":[{"embeddable":true,"href":"https:\/\/enduro-premium.com\/xinix\/index.php\/wp-json\/wp\/v2\/users\/1"}],"replies":[{"embeddable":true,"href":"https:\/\/enduro-premium.com\/xinix\/index.php\/wp-json\/wp\/v2\/comments?post=1313"}],"version-history":[{"count":19,"href":"https:\/\/enduro-premium.com\/xinix\/index.php\/wp-json\/wp\/v2\/pages\/1313\/revisions"}],"predecessor-version":[{"id":1427,"href":"https:\/\/enduro-premium.com\/xinix\/index.php\/wp-json\/wp\/v2\/pages\/1313\/revisions\/1427"}],"wp:featuredmedia":[{"embeddable":true,"href":"https:\/\/enduro-premium.com\/xinix\/index.php\/wp-json\/wp\/v2\/media\/1353"}],"wp:attachment":[{"href":"https:\/\/enduro-premium.com\/xinix\/index.php\/wp-json\/wp\/v2\/media?parent=1313"}],"curies":[{"name":"wp","href":"https:\/\/api.w.org\/{rel}","templated":true}]}}